{"id":239878,"date":"2024-09-17T14:04:25","date_gmt":"2024-09-17T14:04:25","guid":{"rendered":"https:\/\/steel.aema.fi\/aema-oy-datenschutzbestimmungen\/"},"modified":"2025-06-20T22:30:27","modified_gmt":"2025-06-20T22:30:27","slug":"aema-oy-datenschutzbestimmungen","status":"publish","type":"page","link":"https:\/\/steel.aema.fi\/de\/aema-oy-datenschutzbestimmungen\/","title":{"rendered":"Aema OY Datenschutzbestimmungen"},"content":{"rendered":"<p>[et_pb_section fb_built=&#8220;1&#8243; _builder_version=&#8220;4.27.0&#8243; _module_preset=&#8220;default&#8220; background_color=&#8220;#0060aa&#8220; global_colors_info=&#8220;{}&#8220;][et_pb_row column_structure=&#8220;1_5,3_5,1_5&#8243; _builder_version=&#8220;4.27.0&#8243; _module_preset=&#8220;default&#8220; global_colors_info=&#8220;{}&#8220;][et_pb_column type=&#8220;1_5&#8243; _builder_version=&#8220;4.27.0&#8243; _module_preset=&#8220;default&#8220; global_colors_info=&#8220;{}&#8220;][\/et_pb_column][et_pb_column type=&#8220;3_5&#8243; _builder_version=&#8220;4.27.0&#8243; _module_preset=&#8220;default&#8220; global_colors_info=&#8220;{}&#8220;][et_pb_text _builder_version=&#8220;4.27.4&#8243; _module_preset=&#8220;default&#8220; text_text_color=&#8220;#FFFFFF&#8220; header_text_color=&#8220;#FFFFFF&#8220; header_font_size=&#8220;40px&#8220; global_colors_info=&#8220;{}&#8220;]<\/p>\n<h1>Aema OY Datenschutzbestimmungen<\/h1>\n<h5><span style=\"color: #ffffff;\">Datum des Inkrafttretens: September 2024<\/span><\/h5>\n<p>[\/et_pb_text][\/et_pb_column][et_pb_column type=&#8220;1_5&#8243; _builder_version=&#8220;4.27.0&#8243; _module_preset=&#8220;default&#8220; global_colors_info=&#8220;{}&#8220;][\/et_pb_column][\/et_pb_row][\/et_pb_section][et_pb_section fb_built=&#8220;1&#8243; _builder_version=&#8220;4.27.0&#8243; _module_preset=&#8220;default&#8220; global_colors_info=&#8220;{}&#8220;][et_pb_row column_structure=&#8220;1_5,3_5,1_5&#8243; _builder_version=&#8220;4.27.0&#8243; _module_preset=&#8220;default&#8220; custom_padding=&#8220;0px|||||&#8220; global_colors_info=&#8220;{}&#8220;][et_pb_column type=&#8220;1_5&#8243; _builder_version=&#8220;4.27.0&#8243; _module_preset=&#8220;default&#8220; global_colors_info=&#8220;{}&#8220;][\/et_pb_column][et_pb_column type=&#8220;3_5&#8243; _builder_version=&#8220;4.27.0&#8243; _module_preset=&#8220;default&#8220; global_colors_info=&#8220;{}&#8220;][et_pb_text _builder_version=&#8220;4.27.4&#8243; _module_preset=&#8220;default&#8220; global_colors_info=&#8220;{}&#8220;]<\/p>\n<p>Die Datenschutzrichtlinie von Aema OY beschreibt, wie wir Ihre pers\u00f6nlichen Daten sammeln, verwenden, weitergeben und sch\u00fctzen, wenn Sie mit unserer Website oder unseren Dienstleistungen interagieren.<\/p>\n<p>Wir bei Aema OY verpflichten uns, die Privatsph\u00e4re und die pers\u00f6nlichen Daten unserer Kunden, Partner und Website-Besucher zu sch\u00fctzen.<\/p>\n<p>&nbsp;<\/p>\n<h2>1. Informationen, die wir sammeln<\/h2>\n<p>Wir k\u00f6nnen die folgenden Arten von personenbezogenen Daten erfassen:<\/p>\n<p>&#8211; Pers\u00f6nliche Identifikationsdaten: Name, E-Mail-Adresse, Telefonnummer und gesch\u00e4ftliche Informationen, wenn Sie freiwillig Formulare auf unserer Website oder durch Korrespondenz einreichen.<br \/>&#8211; Technische Daten: IP-Adresse, Browsertyp und Cookies, um die Benutzererfahrung zu verbessern und den Verkehr auf unserer Website zu analysieren.<br \/>&#8211; Transaktionsbezogene Informationen: Daten im Zusammenhang mit K\u00e4ufen, Vereinbarungen oder Vertr\u00e4gen, die \u00fcber unsere Dienste abgeschlossen wurden.<\/p>\n<h2>2. Wie wir Ihre Daten verwenden<\/h2>\n<p>Aema OY verwendet die gesammelten Daten f\u00fcr die folgenden Zwecke:<\/p>\n<p>&#8211; Um Dienstleistungen zu erbringen: Bearbeitung von Anfragen, Erf\u00fcllung von Vertr\u00e4gen und Bereitstellung von Informationen \u00fcber unsere Produkte und Dienstleistungen.<br \/>&#8211; Marketing und Kommunikation: Mit Ihrer Zustimmung k\u00f6nnen wir Ihnen Werbematerial und Informationen zu unseren Angeboten zusenden.<br \/>&#8211; Website-Verbesserung: Analyse und Verbesserung unserer Website und Dienstleistungen durch \u00dcberwachung des Nutzungsverhaltens der Besucher.<\/p>\n<h2>3. Weitergabe Ihrer Informationen<\/h2>\n<p>Wir respektieren Ihre Privatsph\u00e4re und werden Ihre pers\u00f6nlichen Daten nicht verkaufen, tauschen oder anderweitig ohne Ihre Zustimmung weitergeben, au\u00dfer unter den folgenden Umst\u00e4nden:<\/p>\n<p>&#8211; Dienstanbieter: Wir k\u00f6nnen Daten an vertrauensw\u00fcrdige Dritte weitergeben, die uns beim Betrieb unserer Website oder bei der Erbringung von Dienstleistungen (z. B. Zahlungsabwicklung, IT-Dienste) unterst\u00fctzen.<br \/>&#8211; Gesetzliche Anforderungen: Wenn dies gesetzlich vorgeschrieben ist oder um die Rechte, die Sicherheit oder das Eigentum von Aema OY oder anderen zu sch\u00fctzen, k\u00f6nnen wir pers\u00f6nliche Daten weitergeben.<\/p>\n<h2>4. Datensicherheit<\/h2>\n<p>Aema OY nimmt die Datensicherheit ernst. Wir setzen angemessene technische und organisatorische Ma\u00dfnahmen ein, um Ihre pers\u00f6nlichen Daten vor unbefugtem Zugriff, Offenlegung oder Ver\u00e4nderung zu sch\u00fctzen. Es kann jedoch nicht garantiert werden, dass eine Online-\u00dcbertragung v\u00f6llig sicher ist. Bitte seien Sie sich daher der Risiken bewusst, die mit der Online-\u00dcbertragung von Daten verbunden sind.  <\/p>\n<h2>5. Cookies und Tracking-Technologien<\/h2>\n<p>Unsere Website verwendet Cookies, um Ihr Erlebnis zu verbessern und den Benutzerverkehr zu analysieren. Wenn Sie unsere Website weiterhin nutzen, stimmen Sie der Verwendung von Cookies zu. Sie k\u00f6nnen Cookies \u00fcber die Einstellungen Ihres Browsers deaktivieren, aber dies kann dazu f\u00fchren, dass Sie unsere Website nur eingeschr\u00e4nkt nutzen k\u00f6nnen.  <\/p>\n<h2>6. Ihre Rechte<\/h2>\n<p>Sie haben die folgenden Rechte in Bezug auf Ihre pers\u00f6nlichen Daten:<\/p>\n<p>&#8211; Zugang und Berichtigung: Beantragen Sie Zugang zu Ihren pers\u00f6nlichen Daten und korrigieren Sie eventuelle Ungenauigkeiten.<br \/>&#8211; L\u00f6schung: Verlangen Sie unter bestimmten Umst\u00e4nden die L\u00f6schung Ihrer Daten.<br \/>&#8211; Widerspruch gegen die Verarbeitung: Widersprechen Sie unserer Verarbeitung Ihrer Daten f\u00fcr Marketing- oder andere Zwecke.<br \/>&#8211; Daten\u00fcbertragbarkeit: Beantragen Sie die \u00dcbermittlung Ihrer personenbezogenen Daten an eine andere Stelle.<br \/>Wenn Sie eines dieser Rechte aus\u00fcben m\u00f6chten, kontaktieren Sie uns bitte unter <a href=\"mailto:steel@aema.fi\">steel@aema.fi<\/a><\/p>\n<h2>7. Internationale Daten\u00fcbertragungen<\/h2>\n<p>Wenn Sie sich au\u00dferhalb des Europ\u00e4ischen Wirtschaftsraums (EWR) befinden, beachten Sie bitte, dass Ihre pers\u00f6nlichen Daten in ein Land \u00fcbertragen, gespeichert und verarbeitet werden k\u00f6nnen, das nicht das gleiche Datenschutzniveau wie Ihr Heimatland bietet. Indem Sie unsere Dienste nutzen, stimmen Sie solchen \u00dcbertragungen zu. <\/p>\n<h2>8. \u00c4nderungen an der Datenschutzerkl\u00e4rung von Aema OY<\/h2>\n<p>Wir k\u00f6nnen diese Datenschutzrichtlinie von Zeit zu Zeit aktualisieren, um \u00c4nderungen unserer Praktiken oder rechtlichen Verpflichtungen zu ber\u00fccksichtigen. Die aktuellste Version wird immer auf unserer Website verf\u00fcgbar sein, und wesentliche \u00c4nderungen werden Ihnen direkt mitgeteilt. <\/p>\n<h2>9. Kontaktieren Sie uns<\/h2>\n<p>Wenn Sie Fragen oder Bedenken bez\u00fcglich der Datenschutzrichtlinie von Aema OY haben, kontaktieren Sie uns bitte unter:<\/p>\n<p>Aema OY<br \/>E-Mail: steel@aema.fi<br \/>Telefon: +358 44 237 6666<br \/>Adresse: Aleksanterinkatu 11, 00100 Helsinki, Finnland<\/p>\n<p>[\/et_pb_text][\/et_pb_column][et_pb_column type=&#8220;1_5&#8243; _builder_version=&#8220;4.27.0&#8243; _module_preset=&#8220;default&#8220; global_colors_info=&#8220;{}&#8220;][\/et_pb_column][\/et_pb_row][\/et_pb_section][et_pb_section fb_built=&#8220;1&#8243; custom_padding_last_edited=&#8220;on|tablet&#8220; _builder_version=&#8220;4.27.3&#8243; _module_preset=&#8220;default&#8220; background_color=&#8220;#000000&#8243; background_enable_image=&#8220;off&#8220; custom_margin=&#8220;0px||||false|false&#8220; custom_margin_tablet=&#8220;0px||||false|false&#8220; custom_margin_phone=&#8220;0px||||false|false&#8220; custom_margin_last_edited=&#8220;on|desktop&#8220; custom_padding=&#8220;70px||70px||false|false&#8220; custom_padding_tablet=&#8220;60px||60px||true|false&#8220; custom_padding_phone=&#8220;60px||60px||false|false&#8220; animation_style=&#8220;slide&#8220; animation_direction=&#8220;left&#8220; animation_duration=&#8220;650ms&#8220; animation_delay=&#8220;500ms&#8220; saved_tabs=&#8220;all&#8220; locked=&#8220;off&#8220; global_colors_info=&#8220;{}&#8220;][et_pb_row _builder_version=&#8220;4.27.0&#8243; _module_preset=&#8220;default&#8220; max_width=&#8220;1400px&#8220; custom_margin=&#8220;0px||0px||false|false&#8220; custom_padding=&#8220;0px||0px||false|false&#8220; collapsed=&#8220;off&#8220; global_colors_info=&#8220;{}&#8220;][et_pb_column type=&#8220;4_4&#8243; _builder_version=&#8220;4.19.4&#8243; _module_preset=&#8220;default&#8220; global_colors_info=&#8220;{}&#8220;][et_pb_text _builder_version=&#8220;4.27.4&#8243; _module_preset=&#8220;default&#8220; header_2_font=&#8220;Arlon semi bold|700||on|||||&#8220; header_2_text_align=&#8220;left&#8220; header_2_text_color=&#8220;#FFFFFF&#8220; header_2_font_size=&#8220;52px&#8220; header_2_letter_spacing=&#8220;1px&#8220; header_3_font=&#8220;Arlon semi bold||||||||&#8220; header_3_text_color=&#8220;#FFFFFF&#8220; header_3_font_size=&#8220;24px&#8220; header_3_line_height=&#8220;1.2em&#8220; max_width=&#8220;1050px&#8220; max_width_tablet=&#8220;100%&#8220; max_width_phone=&#8220;100%&#8220; max_width_last_edited=&#8220;on|tablet&#8220; custom_margin=&#8220;0px|-29px|30px||false|false&#8220; custom_padding=&#8220;0px||0px||false|false&#8220; header_2_font_size_tablet=&#8220;60px&#8220; header_2_font_size_phone=&#8220;30px&#8220; header_2_font_size_last_edited=&#8220;on|phone&#8220; header_3_font_tablet=&#8220;&#8220; header_3_font_phone=&#8220;&#8220; header_3_font_last_edited=&#8220;on|phone&#8220; global_colors_info=&#8220;{}&#8220;]<\/p>\n<h2>Langlebigkeit und St\u00e4rke f\u00fcr jedes Projekt, jedes Mal<\/h2>\n<h3>Hochwertige Stahlbaul\u00f6sungen f\u00fcr jedes Projekt<\/h3>\n<p>[\/et_pb_text][et_pb_button button_url=&#8220;https:\/\/steel.aema.fi\/contacts\/&#8220; button_text=&#8220;Kontakt aufnehmen&#8220; button_alignment=&#8220;left&#8220; disabled_on=&#8220;off|off|off&#8220; _builder_version=&#8220;4.25.1&#8243; _module_preset=&#8220;default&#8220; custom_button=&#8220;on&#8220; button_text_size=&#8220;16px&#8220; button_text_color=&#8220;#FFFFFF&#8220; button_bg_color=&#8220;RGBA(255,255,255,0)&#8220; button_border_width=&#8220;0px&#8220; button_border_radius=&#8220;0px&#8220; button_font=&#8220;Arlon regular|||on|||||&#8220; button_icon=&#8220;&#x45;||divi||400&#8243; button_icon_color=&#8220;#0060aa&#8220; button_on_hover=&#8220;off&#8220; background_layout=&#8220;dark&#8220; custom_margin=&#8220;0px||0px||false|false&#8220; custom_padding=&#8220;0px|0px|0px|0px|false|false&#8220; locked=&#8220;off&#8220; global_colors_info=&#8220;{}&#8220; button_letter_spacing__hover_enabled=&#8220;on|hover&#8220; button_letter_spacing__hover=&#8220;0px&#8220;][\/et_pb_button][\/et_pb_column][\/et_pb_row][\/et_pb_section]<\/p>\n","protected":false},"excerpt":{"rendered":"<p>Aema OY Datenschutzbestimmungen Datum des Inkrafttretens: September 2024Die Datenschutzrichtlinie von Aema OY beschreibt, wie wir Ihre pers\u00f6nlichen Daten sammeln, verwenden, weitergeben und sch\u00fctzen, wenn Sie mit unserer Website oder unseren Dienstleistungen interagieren. Wir bei Aema OY verpflichten uns, die Privatsph\u00e4re und die pers\u00f6nlichen Daten unserer Kunden, Partner und Website-Besucher zu sch\u00fctzen. &nbsp; 1. Informationen, die [&hellip;]<\/p>\n","protected":false},"author":6,"featured_media":0,"parent":0,"menu_order":0,"comment_status":"closed","ping_status":"closed","template":"","meta":{"_et_pb_use_builder":"on","_et_pb_old_content":"","_et_gb_content_width":"","footnotes":""},"class_list":["post-239878","page","type-page","status-publish","hentry"],"yoast_head":"<!-- This site is optimized with the Yoast SEO plugin v27.5 - https:\/\/yoast.com\/product\/yoast-seo-wordpress\/ -->\n<title>Datenschutzbestimmungen<\/title>\n<meta name=\"description\" content=\"Die Datenschutzrichtlinie von Aema OY beschreibt, wie wir Ihre pers\u00f6nlichen Daten sammeln, verwenden, weitergeben und sch\u00fctzen, wenn Sie mit unserer Website interagieren\" \/>\n<meta name=\"robots\" content=\"index, follow, max-snippet:-1, max-image-preview:large, max-video-preview:-1\" \/>\n<link rel=\"canonical\" href=\"https:\/\/steel.aema.fi\/de\/aema-oy-datenschutzbestimmungen\/\" \/>\n<meta property=\"og:locale\" content=\"de_DE\" \/>\n<meta property=\"og:type\" content=\"article\" \/>\n<meta property=\"og:title\" content=\"Datenschutzbestimmungen\" \/>\n<meta property=\"og:description\" content=\"Die Datenschutzrichtlinie von Aema OY beschreibt, wie wir Ihre pers\u00f6nlichen Daten sammeln, verwenden, weitergeben und sch\u00fctzen, wenn Sie mit unserer Website interagieren\" \/>\n<meta property=\"og:url\" content=\"https:\/\/steel.aema.fi\/de\/aema-oy-datenschutzbestimmungen\/\" \/>\n<meta property=\"og:site_name\" content=\"Aema Steel\" \/>\n<meta property=\"article:modified_time\" content=\"2025-06-20T22:30:27+00:00\" \/>\n<meta property=\"og:image\" content=\"https:\/\/steel.aema.fi\/wp-content\/uploads\/2024\/07\/welder.webp\" \/>\n\t<meta property=\"og:image:width\" content=\"2500\" \/>\n\t<meta property=\"og:image:height\" content=\"715\" \/>\n\t<meta property=\"og:image:type\" content=\"image\/webp\" \/>\n<meta name=\"twitter:card\" content=\"summary_large_image\" \/>\n<meta name=\"twitter:label1\" content=\"Gesch\u00e4tzte Lesezeit\" \/>\n\t<meta name=\"twitter:data1\" content=\"3\u00a0Minuten\" \/>\n<script type=\"application\/ld+json\" class=\"yoast-schema-graph\">{\"@context\":\"https:\\\/\\\/schema.org\",\"@graph\":[{\"@type\":\"WebPage\",\"@id\":\"https:\\\/\\\/steel.aema.fi\\\/de\\\/aema-oy-datenschutzbestimmungen\\\/\",\"url\":\"https:\\\/\\\/steel.aema.fi\\\/de\\\/aema-oy-datenschutzbestimmungen\\\/\",\"name\":\"Datenschutzbestimmungen\",\"isPartOf\":{\"@id\":\"https:\\\/\\\/steel.aema.fi\\\/de\\\/#website\"},\"datePublished\":\"2024-09-17T14:04:25+00:00\",\"dateModified\":\"2025-06-20T22:30:27+00:00\",\"description\":\"Die Datenschutzrichtlinie von Aema OY beschreibt, wie wir Ihre pers\u00f6nlichen Daten sammeln, verwenden, weitergeben und sch\u00fctzen, wenn Sie mit unserer Website interagieren\",\"inLanguage\":\"de\",\"potentialAction\":[{\"@type\":\"ReadAction\",\"target\":[\"https:\\\/\\\/steel.aema.fi\\\/de\\\/aema-oy-datenschutzbestimmungen\\\/\"]}]},{\"@type\":\"WebSite\",\"@id\":\"https:\\\/\\\/steel.aema.fi\\\/de\\\/#website\",\"url\":\"https:\\\/\\\/steel.aema.fi\\\/de\\\/\",\"name\":\"Aema Steel\",\"description\":\"Trusted European Steel Supplier and Professional Importer\",\"publisher\":{\"@id\":\"https:\\\/\\\/steel.aema.fi\\\/de\\\/#organization\"},\"potentialAction\":[{\"@type\":\"SearchAction\",\"target\":{\"@type\":\"EntryPoint\",\"urlTemplate\":\"https:\\\/\\\/steel.aema.fi\\\/de\\\/?s={search_term_string}\"},\"query-input\":{\"@type\":\"PropertyValueSpecification\",\"valueRequired\":true,\"valueName\":\"search_term_string\"}}],\"inLanguage\":\"de\"},{\"@type\":\"Organization\",\"@id\":\"https:\\\/\\\/steel.aema.fi\\\/de\\\/#organization\",\"name\":\"Aema Steel\",\"url\":\"https:\\\/\\\/steel.aema.fi\\\/de\\\/\",\"logo\":{\"@type\":\"ImageObject\",\"inLanguage\":\"de\",\"@id\":\"https:\\\/\\\/steel.aema.fi\\\/de\\\/#\\\/schema\\\/logo\\\/image\\\/\",\"url\":\"https:\\\/\\\/steel.aema.fi\\\/wp-content\\\/uploads\\\/2024\\\/10\\\/aema_logo.jpg\",\"contentUrl\":\"https:\\\/\\\/steel.aema.fi\\\/wp-content\\\/uploads\\\/2024\\\/10\\\/aema_logo.jpg\",\"width\":1466,\"height\":349,\"caption\":\"Aema Steel\"},\"image\":{\"@id\":\"https:\\\/\\\/steel.aema.fi\\\/de\\\/#\\\/schema\\\/logo\\\/image\\\/\"},\"sameAs\":[\"https:\\\/\\\/www.linkedin.com\\\/company\\\/aema-steel\\\/\"]}]}<\/script>\n<!-- \/ Yoast SEO plugin. -->","yoast_head_json":{"title":"Datenschutzbestimmungen","description":"Die Datenschutzrichtlinie von Aema OY beschreibt, wie wir Ihre pers\u00f6nlichen Daten sammeln, verwenden, weitergeben und sch\u00fctzen, wenn Sie mit unserer Website interagieren","robots":{"index":"index","follow":"follow","max-snippet":"max-snippet:-1","max-image-preview":"max-image-preview:large","max-video-preview":"max-video-preview:-1"},"canonical":"https:\/\/steel.aema.fi\/de\/aema-oy-datenschutzbestimmungen\/","og_locale":"de_DE","og_type":"article","og_title":"Datenschutzbestimmungen","og_description":"Die Datenschutzrichtlinie von Aema OY beschreibt, wie wir Ihre pers\u00f6nlichen Daten sammeln, verwenden, weitergeben und sch\u00fctzen, wenn Sie mit unserer Website interagieren","og_url":"https:\/\/steel.aema.fi\/de\/aema-oy-datenschutzbestimmungen\/","og_site_name":"Aema Steel","article_modified_time":"2025-06-20T22:30:27+00:00","og_image":[{"width":2500,"height":715,"url":"https:\/\/steel.aema.fi\/wp-content\/uploads\/2024\/07\/welder.webp","type":"image\/webp"}],"twitter_card":"summary_large_image","twitter_misc":{"Gesch\u00e4tzte Lesezeit":"3\u00a0Minuten"},"schema":{"@context":"https:\/\/schema.org","@graph":[{"@type":"WebPage","@id":"https:\/\/steel.aema.fi\/de\/aema-oy-datenschutzbestimmungen\/","url":"https:\/\/steel.aema.fi\/de\/aema-oy-datenschutzbestimmungen\/","name":"Datenschutzbestimmungen","isPartOf":{"@id":"https:\/\/steel.aema.fi\/de\/#website"},"datePublished":"2024-09-17T14:04:25+00:00","dateModified":"2025-06-20T22:30:27+00:00","description":"Die Datenschutzrichtlinie von Aema OY beschreibt, wie wir Ihre pers\u00f6nlichen Daten sammeln, verwenden, weitergeben und sch\u00fctzen, wenn Sie mit unserer Website interagieren","inLanguage":"de","potentialAction":[{"@type":"ReadAction","target":["https:\/\/steel.aema.fi\/de\/aema-oy-datenschutzbestimmungen\/"]}]},{"@type":"WebSite","@id":"https:\/\/steel.aema.fi\/de\/#website","url":"https:\/\/steel.aema.fi\/de\/","name":"Aema Steel","description":"Trusted European Steel Supplier and Professional Importer","publisher":{"@id":"https:\/\/steel.aema.fi\/de\/#organization"},"potentialAction":[{"@type":"SearchAction","target":{"@type":"EntryPoint","urlTemplate":"https:\/\/steel.aema.fi\/de\/?s={search_term_string}"},"query-input":{"@type":"PropertyValueSpecification","valueRequired":true,"valueName":"search_term_string"}}],"inLanguage":"de"},{"@type":"Organization","@id":"https:\/\/steel.aema.fi\/de\/#organization","name":"Aema Steel","url":"https:\/\/steel.aema.fi\/de\/","logo":{"@type":"ImageObject","inLanguage":"de","@id":"https:\/\/steel.aema.fi\/de\/#\/schema\/logo\/image\/","url":"https:\/\/steel.aema.fi\/wp-content\/uploads\/2024\/10\/aema_logo.jpg","contentUrl":"https:\/\/steel.aema.fi\/wp-content\/uploads\/2024\/10\/aema_logo.jpg","width":1466,"height":349,"caption":"Aema Steel"},"image":{"@id":"https:\/\/steel.aema.fi\/de\/#\/schema\/logo\/image\/"},"sameAs":["https:\/\/www.linkedin.com\/company\/aema-steel\/"]}]}},"_links":{"self":[{"href":"https:\/\/steel.aema.fi\/de\/wp-json\/wp\/v2\/pages\/239878","targetHints":{"allow":["GET"]}}],"collection":[{"href":"https:\/\/steel.aema.fi\/de\/wp-json\/wp\/v2\/pages"}],"about":[{"href":"https:\/\/steel.aema.fi\/de\/wp-json\/wp\/v2\/types\/page"}],"author":[{"embeddable":true,"href":"https:\/\/steel.aema.fi\/de\/wp-json\/wp\/v2\/users\/6"}],"replies":[{"embeddable":true,"href":"https:\/\/steel.aema.fi\/de\/wp-json\/wp\/v2\/comments?post=239878"}],"version-history":[{"count":0,"href":"https:\/\/steel.aema.fi\/de\/wp-json\/wp\/v2\/pages\/239878\/revisions"}],"wp:attachment":[{"href":"https:\/\/steel.aema.fi\/de\/wp-json\/wp\/v2\/media?parent=239878"}],"curies":[{"name":"wp","href":"https:\/\/api.w.org\/{rel}","templated":true}]}}