{"id":240023,"date":"2024-05-28T13:24:31","date_gmt":"2024-05-28T13:24:31","guid":{"rendered":"https:\/\/steel.aema.fi\/denkfabrik\/"},"modified":"2025-07-18T12:39:03","modified_gmt":"2025-07-18T12:39:03","slug":"denkfabrik","status":"publish","type":"page","link":"https:\/\/steel.aema.fi\/de\/denkfabrik\/","title":{"rendered":"Denkfabrik"},"content":{"rendered":"<p>[et_pb_section fb_built=&#8220;1&#8243; admin_label=&#8220;Hero section&#8220; _builder_version=&#8220;4.25.1&#8243; use_background_color_gradient=&#8220;on&#8220; background_color_gradient_stops=&#8220;rgba(14,144,208,0.72) 1%|#00487c 100%&#8220; background_color_gradient_overlays_image=&#8220;on&#8220; background_color_gradient_start=&#8220;rgba(150,105,97,0.67)&#8220; background_color_gradient_end=&#8220;rgba(2,0,76,0.84)&#8220; background_image=&#8220;https:\/\/steel.aema.fi\/wp-content\/uploads\/2024\/06\/For_blog-transformed.webp&#8220; background_position=&#8220;top_center&#8220; custom_margin=&#8220;|||&#8220; custom_padding=&#8220;3%||5%||false|false&#8220; global_colors_info=&#8220;{}&#8220;][et_pb_row column_structure=&#8220;3_4,1_4&#8243; _builder_version=&#8220;4.16&#8243; custom_margin=&#8220;|||&#8220; global_colors_info=&#8220;{}&#8220;][et_pb_column type=&#8220;3_4&#8243; _builder_version=&#8220;4.16&#8243; custom_padding=&#8220;1px|||&#8220; global_colors_info=&#8220;{}&#8220; custom_padding__hover=&#8220;|||&#8220;][et_pb_text _builder_version=&#8220;4.27.4&#8243; _module_preset=&#8220;_initial&#8220; text_font=&#8220;Arlon semi bold|700|||||||&#8220; text_font_size=&#8220;25px&#8220; text_letter_spacing=&#8220;1px&#8220; text_line_height=&#8220;1.2em&#8220; header_font=&#8220;&#8211;et_global_heading_font||||||||&#8220; header_font_size=&#8220;80px&#8220; background_layout=&#8220;dark&#8220; animation_style=&#8220;fold&#8220; text_font_size_tablet=&#8220;30px&#8220; text_font_size_phone=&#8220;20px&#8220; text_font_size_last_edited=&#8220;on|phone&#8220; header_font_size_tablet=&#8220;60px&#8220; header_font_size_phone=&#8220;45px&#8220; header_font_size_last_edited=&#8220;on|phone&#8220; global_colors_info=&#8220;{}&#8220;]<\/p>\n<h1>Denkfabrik<\/h1>\n<p>Der Aema Stahl Think Tank ist ein Ort, an dem wir nicht z\u00f6gern, n\u00fctzliches Branchenwissen, Einblicke und Innovationen f\u00fcr alle zu teilen, die an der Spitze stehen wollen. Bleiben Sie auf dem Laufenden mit aktuellen Trends und Best Practices, die Sie nutzen k\u00f6nnen. <\/p>\n<p>[\/et_pb_text][\/et_pb_column][et_pb_column type=&#8220;1_4&#8243; _builder_version=&#8220;4.16&#8243; custom_padding=&#8220;|||&#8220; global_colors_info=&#8220;{}&#8220; custom_padding__hover=&#8220;|||&#8220;][\/et_pb_column][\/et_pb_row][\/et_pb_section][et_pb_section fb_built=&#8220;1&#8243; admin_label=&#8220;Blog&#8220; _builder_version=&#8220;4.16&#8243; custom_padding=&#8220;70px|0px|70px|0px||&#8220; global_colors_info=&#8220;{}&#8220;][et_pb_row column_structure=&#8220;1_4,3_4&#8243; gutter_width=&#8220;2&#8243; _builder_version=&#8220;4.25.1&#8243; custom_padding=&#8220;10px||||false|false&#8220; global_colors_info=&#8220;{}&#8220;][et_pb_column type=&#8220;1_4&#8243; _builder_version=&#8220;4.16&#8243; custom_padding=&#8220;|||&#8220; global_colors_info=&#8220;{}&#8220; custom_padding__hover=&#8220;|||&#8220;][et_pb_sidebar _builder_version=&#8220;4.26.1&#8243; _module_preset=&#8220;default&#8220; header_text_color=&#8220;#000000&#8243; body_text_color=&#8220;#000000&#8243; global_colors_info=&#8220;{}&#8220;][\/et_pb_sidebar][\/et_pb_column][et_pb_column type=&#8220;3_4&#8243; _builder_version=&#8220;4.16&#8243; custom_padding=&#8220;|||&#8220; global_colors_info=&#8220;{}&#8220; custom_padding__hover=&#8220;|||&#8220;][et_pb_blog fullwidth=&#8220;off&#8220; posts_number=&#8220;18&#8243; include_categories=&#8220;74&#8243; excerpt_length=&#8220;90&#8243; show_author=&#8220;off&#8220; module_class=&#8220;blog-items&#8220; _builder_version=&#8220;4.26.1&#8243; header_font=&#8220;|700|||||||&#8220; header_font_size=&#8220;21px&#8220; body_font=&#8220;||||||||&#8220; body_text_color=&#8220;#898f99&#8243; body_font_size=&#8220;16px&#8220; body_line_height=&#8220;1.6em&#8220; meta_font=&#8220;||||||||&#8220; meta_text_color=&#8220;rgba(137,143,153,0.61)&#8220; meta_line_height=&#8220;1.8em&#8220; pagination_font=&#8220;|700||on|||||&#8220; pagination_text_color=&#8220;#fa7f28&#8243; pagination_letter_spacing=&#8220;2px&#8220; border_width_all=&#8220;0px&#8220; box_shadow_style=&#8220;preset1&#8243; box_shadow_vertical=&#8220;6px&#8220; box_shadow_blur=&#8220;54px&#8220; box_shadow_spread=&#8220;17px&#8220; box_shadow_color=&#8220;rgba(0,0,0,0.04)&#8220; global_colors_info=&#8220;{}&#8220;][\/et_pb_blog][\/et_pb_column][\/et_pb_row][\/et_pb_section][et_pb_section fb_built=&#8220;1&#8243; custom_padding_last_edited=&#8220;on|tablet&#8220; _builder_version=&#8220;4.27.3&#8243; _module_preset=&#8220;default&#8220; background_color=&#8220;#000000&#8243; background_enable_image=&#8220;off&#8220; custom_margin=&#8220;0px||||false|false&#8220; custom_margin_tablet=&#8220;0px||||false|false&#8220; custom_margin_phone=&#8220;0px||||false|false&#8220; custom_margin_last_edited=&#8220;on|desktop&#8220; custom_padding=&#8220;70px||70px||false|false&#8220; custom_padding_tablet=&#8220;60px||60px||true|false&#8220; custom_padding_phone=&#8220;60px||60px||false|false&#8220; animation_style=&#8220;slide&#8220; animation_direction=&#8220;left&#8220; animation_duration=&#8220;650ms&#8220; animation_delay=&#8220;500ms&#8220; saved_tabs=&#8220;all&#8220; locked=&#8220;off&#8220; global_colors_info=&#8220;{}&#8220;][et_pb_row _builder_version=&#8220;4.27.0&#8243; _module_preset=&#8220;default&#8220; max_width=&#8220;1400px&#8220; custom_margin=&#8220;0px||0px||false|false&#8220; custom_padding=&#8220;0px||0px||false|false&#8220; collapsed=&#8220;off&#8220; global_colors_info=&#8220;{}&#8220;][et_pb_column type=&#8220;4_4&#8243; _builder_version=&#8220;4.19.4&#8243; _module_preset=&#8220;default&#8220; global_colors_info=&#8220;{}&#8220;][et_pb_text _builder_version=&#8220;4.27.4&#8243; _module_preset=&#8220;default&#8220; header_2_font=&#8220;Arlon semi bold|700||on|||||&#8220; header_2_text_align=&#8220;left&#8220; header_2_text_color=&#8220;#FFFFFF&#8220; header_2_font_size=&#8220;52px&#8220; header_2_letter_spacing=&#8220;1px&#8220; header_3_font=&#8220;Arlon semi bold||||||||&#8220; header_3_text_color=&#8220;#FFFFFF&#8220; header_3_font_size=&#8220;24px&#8220; header_3_line_height=&#8220;1.2em&#8220; max_width=&#8220;1050px&#8220; max_width_tablet=&#8220;100%&#8220; max_width_phone=&#8220;100%&#8220; max_width_last_edited=&#8220;on|tablet&#8220; custom_margin=&#8220;0px|-29px|30px||false|false&#8220; custom_padding=&#8220;0px||0px||false|false&#8220; header_2_font_size_tablet=&#8220;60px&#8220; header_2_font_size_phone=&#8220;30px&#8220; header_2_font_size_last_edited=&#8220;on|phone&#8220; header_3_font_tablet=&#8220;&#8220; header_3_font_phone=&#8220;&#8220; header_3_font_last_edited=&#8220;on|phone&#8220; global_colors_info=&#8220;{}&#8220;]<\/p>\n<h2>Langlebigkeit und St\u00e4rke f\u00fcr jedes Projekt, jedes Mal<\/h2>\n<h3>Hochwertige Stahlbaul\u00f6sungen f\u00fcr jedes Projekt<\/h3>\n<p>&nbsp;<\/p>\n<p>[\/et_pb_text][et_pb_button button_url=&#8220;https:\/\/steel.aema.fi\/de\/kontakte\/&#8220; button_text=&#8220;Kontakt aufnehmen&#8220; button_alignment=&#8220;left&#8220; disabled_on=&#8220;off|off|off&#8220; _builder_version=&#8220;4.25.1&#8243; _module_preset=&#8220;default&#8220; custom_button=&#8220;on&#8220; button_text_size=&#8220;16px&#8220; button_text_color=&#8220;#FFFFFF&#8220; button_bg_color=&#8220;RGBA(255,255,255,0)&#8220; button_border_width=&#8220;0px&#8220; button_border_radius=&#8220;0px&#8220; button_font=&#8220;Arlon regular|||on|||||&#8220; button_icon=&#8220;&#x45;||divi||400&#8243; button_icon_color=&#8220;#0060aa&#8220; button_on_hover=&#8220;off&#8220; background_layout=&#8220;dark&#8220; custom_margin=&#8220;0px||0px||false|false&#8220; custom_padding=&#8220;0px|0px|0px|0px|false|false&#8220; locked=&#8220;off&#8220; global_colors_info=&#8220;{}&#8220; button_letter_spacing__hover_enabled=&#8220;on|hover&#8220; button_letter_spacing__hover=&#8220;0px&#8220;][\/et_pb_button][\/et_pb_column][\/et_pb_row][\/et_pb_section]<\/p>\n","protected":false},"excerpt":{"rendered":"<p>Denkfabrik Der Aema Stahl Think Tank ist ein Ort, an dem wir nicht z\u00f6gern, n\u00fctzliches Branchenwissen, Einblicke und Innovationen f\u00fcr alle zu teilen, die an der Spitze stehen wollen. Bleiben Sie auf dem Laufenden mit aktuellen Trends und Best Practices, die Sie nutzen k\u00f6nnen. Langlebigkeit und St\u00e4rke f\u00fcr jedes Projekt, jedes Mal Hochwertige Stahlbaul\u00f6sungen f\u00fcr [&hellip;]<\/p>\n","protected":false},"author":6,"featured_media":0,"parent":0,"menu_order":0,"comment_status":"closed","ping_status":"closed","template":"","meta":{"_et_pb_use_builder":"on","_et_pb_old_content":"","_et_gb_content_width":"","footnotes":""},"class_list":["post-240023","page","type-page","status-publish","hentry"],"yoast_head":"<!-- This site is optimized with the Yoast SEO plugin v27.4 - https:\/\/yoast.com\/product\/yoast-seo-wordpress\/ -->\n<title>Think Tank - Wissensdatenbank von Aema Stahl<\/title>\n<meta name=\"description\" content=\"Der Aema Stahl Think Tank ist ein Ort, an dem wir nicht z\u00f6gern, n\u00fctzliches Branchenwissen, Erkenntnisse und Innovationen zu teilen.\" \/>\n<meta name=\"robots\" content=\"index, follow, max-snippet:-1, max-image-preview:large, max-video-preview:-1\" \/>\n<link rel=\"canonical\" href=\"https:\/\/steel.aema.fi\/de\/denkfabrik\/\" \/>\n<meta property=\"og:locale\" content=\"de_DE\" \/>\n<meta property=\"og:type\" content=\"article\" \/>\n<meta property=\"og:title\" content=\"Think Tank - Wissensdatenbank von Aema Stahl\" \/>\n<meta property=\"og:description\" content=\"Der Aema Stahl Think Tank ist ein Ort, an dem wir nicht z\u00f6gern, n\u00fctzliches Branchenwissen, Erkenntnisse und Innovationen zu teilen.\" \/>\n<meta property=\"og:url\" content=\"https:\/\/steel.aema.fi\/de\/denkfabrik\/\" \/>\n<meta property=\"og:site_name\" content=\"Aema Steel\" \/>\n<meta property=\"article:modified_time\" content=\"2025-07-18T12:39:03+00:00\" \/>\n<meta property=\"og:image\" content=\"https:\/\/steel.aema.fi\/wp-content\/uploads\/2024\/07\/welder.webp\" \/>\n\t<meta property=\"og:image:width\" content=\"2500\" \/>\n\t<meta property=\"og:image:height\" content=\"715\" \/>\n\t<meta property=\"og:image:type\" content=\"image\/webp\" \/>\n<meta name=\"twitter:card\" content=\"summary_large_image\" \/>\n<meta name=\"twitter:label1\" content=\"Gesch\u00e4tzte Lesezeit\" \/>\n\t<meta name=\"twitter:data1\" content=\"1\u00a0Minute\" \/>\n<script type=\"application\/ld+json\" class=\"yoast-schema-graph\">{\"@context\":\"https:\\\/\\\/schema.org\",\"@graph\":[{\"@type\":\"WebPage\",\"@id\":\"https:\\\/\\\/steel.aema.fi\\\/de\\\/denkfabrik\\\/\",\"url\":\"https:\\\/\\\/steel.aema.fi\\\/de\\\/denkfabrik\\\/\",\"name\":\"Think Tank - Wissensdatenbank von Aema Stahl\",\"isPartOf\":{\"@id\":\"https:\\\/\\\/steel.aema.fi\\\/de\\\/#website\"},\"datePublished\":\"2024-05-28T13:24:31+00:00\",\"dateModified\":\"2025-07-18T12:39:03+00:00\",\"description\":\"Der Aema Stahl Think Tank ist ein Ort, an dem wir nicht z\u00f6gern, n\u00fctzliches Branchenwissen, Erkenntnisse und Innovationen zu teilen.\",\"inLanguage\":\"de\",\"potentialAction\":[{\"@type\":\"ReadAction\",\"target\":[\"https:\\\/\\\/steel.aema.fi\\\/de\\\/denkfabrik\\\/\"]}]},{\"@type\":\"WebSite\",\"@id\":\"https:\\\/\\\/steel.aema.fi\\\/de\\\/#website\",\"url\":\"https:\\\/\\\/steel.aema.fi\\\/de\\\/\",\"name\":\"Aema Steel\",\"description\":\"Trusted European Steel Supplier and Professional Importer\",\"publisher\":{\"@id\":\"https:\\\/\\\/steel.aema.fi\\\/de\\\/#organization\"},\"potentialAction\":[{\"@type\":\"SearchAction\",\"target\":{\"@type\":\"EntryPoint\",\"urlTemplate\":\"https:\\\/\\\/steel.aema.fi\\\/de\\\/?s={search_term_string}\"},\"query-input\":{\"@type\":\"PropertyValueSpecification\",\"valueRequired\":true,\"valueName\":\"search_term_string\"}}],\"inLanguage\":\"de\"},{\"@type\":\"Organization\",\"@id\":\"https:\\\/\\\/steel.aema.fi\\\/de\\\/#organization\",\"name\":\"Aema Steel\",\"url\":\"https:\\\/\\\/steel.aema.fi\\\/de\\\/\",\"logo\":{\"@type\":\"ImageObject\",\"inLanguage\":\"de\",\"@id\":\"https:\\\/\\\/steel.aema.fi\\\/de\\\/#\\\/schema\\\/logo\\\/image\\\/\",\"url\":\"https:\\\/\\\/steel.aema.fi\\\/wp-content\\\/uploads\\\/2024\\\/10\\\/aema_logo.jpg\",\"contentUrl\":\"https:\\\/\\\/steel.aema.fi\\\/wp-content\\\/uploads\\\/2024\\\/10\\\/aema_logo.jpg\",\"width\":1466,\"height\":349,\"caption\":\"Aema Steel\"},\"image\":{\"@id\":\"https:\\\/\\\/steel.aema.fi\\\/de\\\/#\\\/schema\\\/logo\\\/image\\\/\"},\"sameAs\":[\"https:\\\/\\\/www.linkedin.com\\\/company\\\/aema-steel\\\/\"]}]}<\/script>\n<!-- \/ Yoast SEO plugin. -->","yoast_head_json":{"title":"Think Tank - Wissensdatenbank von Aema Stahl","description":"Der Aema Stahl Think Tank ist ein Ort, an dem wir nicht z\u00f6gern, n\u00fctzliches Branchenwissen, Erkenntnisse und Innovationen zu teilen.","robots":{"index":"index","follow":"follow","max-snippet":"max-snippet:-1","max-image-preview":"max-image-preview:large","max-video-preview":"max-video-preview:-1"},"canonical":"https:\/\/steel.aema.fi\/de\/denkfabrik\/","og_locale":"de_DE","og_type":"article","og_title":"Think Tank - Wissensdatenbank von Aema Stahl","og_description":"Der Aema Stahl Think Tank ist ein Ort, an dem wir nicht z\u00f6gern, n\u00fctzliches Branchenwissen, Erkenntnisse und Innovationen zu teilen.","og_url":"https:\/\/steel.aema.fi\/de\/denkfabrik\/","og_site_name":"Aema Steel","article_modified_time":"2025-07-18T12:39:03+00:00","og_image":[{"width":2500,"height":715,"url":"https:\/\/steel.aema.fi\/wp-content\/uploads\/2024\/07\/welder.webp","type":"image\/webp"}],"twitter_card":"summary_large_image","twitter_misc":{"Gesch\u00e4tzte Lesezeit":"1\u00a0Minute"},"schema":{"@context":"https:\/\/schema.org","@graph":[{"@type":"WebPage","@id":"https:\/\/steel.aema.fi\/de\/denkfabrik\/","url":"https:\/\/steel.aema.fi\/de\/denkfabrik\/","name":"Think Tank - Wissensdatenbank von Aema Stahl","isPartOf":{"@id":"https:\/\/steel.aema.fi\/de\/#website"},"datePublished":"2024-05-28T13:24:31+00:00","dateModified":"2025-07-18T12:39:03+00:00","description":"Der Aema Stahl Think Tank ist ein Ort, an dem wir nicht z\u00f6gern, n\u00fctzliches Branchenwissen, Erkenntnisse und Innovationen zu teilen.","inLanguage":"de","potentialAction":[{"@type":"ReadAction","target":["https:\/\/steel.aema.fi\/de\/denkfabrik\/"]}]},{"@type":"WebSite","@id":"https:\/\/steel.aema.fi\/de\/#website","url":"https:\/\/steel.aema.fi\/de\/","name":"Aema Steel","description":"Trusted European Steel Supplier and Professional Importer","publisher":{"@id":"https:\/\/steel.aema.fi\/de\/#organization"},"potentialAction":[{"@type":"SearchAction","target":{"@type":"EntryPoint","urlTemplate":"https:\/\/steel.aema.fi\/de\/?s={search_term_string}"},"query-input":{"@type":"PropertyValueSpecification","valueRequired":true,"valueName":"search_term_string"}}],"inLanguage":"de"},{"@type":"Organization","@id":"https:\/\/steel.aema.fi\/de\/#organization","name":"Aema Steel","url":"https:\/\/steel.aema.fi\/de\/","logo":{"@type":"ImageObject","inLanguage":"de","@id":"https:\/\/steel.aema.fi\/de\/#\/schema\/logo\/image\/","url":"https:\/\/steel.aema.fi\/wp-content\/uploads\/2024\/10\/aema_logo.jpg","contentUrl":"https:\/\/steel.aema.fi\/wp-content\/uploads\/2024\/10\/aema_logo.jpg","width":1466,"height":349,"caption":"Aema Steel"},"image":{"@id":"https:\/\/steel.aema.fi\/de\/#\/schema\/logo\/image\/"},"sameAs":["https:\/\/www.linkedin.com\/company\/aema-steel\/"]}]}},"_links":{"self":[{"href":"https:\/\/steel.aema.fi\/de\/wp-json\/wp\/v2\/pages\/240023","targetHints":{"allow":["GET"]}}],"collection":[{"href":"https:\/\/steel.aema.fi\/de\/wp-json\/wp\/v2\/pages"}],"about":[{"href":"https:\/\/steel.aema.fi\/de\/wp-json\/wp\/v2\/types\/page"}],"author":[{"embeddable":true,"href":"https:\/\/steel.aema.fi\/de\/wp-json\/wp\/v2\/users\/6"}],"replies":[{"embeddable":true,"href":"https:\/\/steel.aema.fi\/de\/wp-json\/wp\/v2\/comments?post=240023"}],"version-history":[{"count":0,"href":"https:\/\/steel.aema.fi\/de\/wp-json\/wp\/v2\/pages\/240023\/revisions"}],"wp:attachment":[{"href":"https:\/\/steel.aema.fi\/de\/wp-json\/wp\/v2\/media?parent=240023"}],"curies":[{"name":"wp","href":"https:\/\/api.w.org\/{rel}","templated":true}]}}