{"id":238118,"date":"2024-05-28T13:24:31","date_gmt":"2024-05-28T13:24:31","guid":{"rendered":"https:\/\/steel.aema.fi\/ajatuspaja\/"},"modified":"2025-07-18T12:38:53","modified_gmt":"2025-07-18T12:38:53","slug":"ajatuspaja","status":"publish","type":"page","link":"https:\/\/steel.aema.fi\/fi\/ajatuspaja\/","title":{"rendered":"Ajatuspaja"},"content":{"rendered":"<p>[et_pb_section fb_built=&#8221;1&#8243; admin_label=&#8221;Hero section&#8221; _builder_version=&#8221;4.25.1&#8243; use_background_color_gradient=&#8221;on&#8221; background_color_gradient_stops=&#8221;rgba(14,144,208,0.72) 1%|#00487c 100%&#8221; background_color_gradient_overlays_image=&#8221;on&#8221; background_color_gradient_start=&#8221;rgba(150,105,97,0.67)&#8221; background_color_gradient_end=&#8221;rgba(2,0,76,0.84)&#8221; background_image=&#8221;https:\/\/steel.aema.fi\/wp-content\/uploads\/2024\/06\/For_blog-transformed.webp&#8221; background_position=&#8221;top_center&#8221; custom_margin=&#8221;|||&#8221; custom_padding=&#8221;3%||5%||false|false&#8221; global_colors_info=&#8221;{}&#8221;][et_pb_row column_structure=&#8221;3_4,1_4&#8243; _builder_version=&#8221;4.16&#8243; custom_margin=&#8221;|||&#8221; global_colors_info=&#8221;{}&#8221;][et_pb_column type=&#8221;3_4&#8243; _builder_version=&#8221;4.16&#8243; custom_padding=&#8221;1px|||&#8221; global_colors_info=&#8221;{}&#8221; custom_padding__hover=&#8221;|||&#8221;][et_pb_text _builder_version=&#8221;4.27.4&#8243; _module_preset=&#8221;_initial&#8221; text_font=&#8221;Arlon semi bold|700|||||||&#8221; text_font_size=&#8221;25px&#8221; text_letter_spacing=&#8221;1px&#8221; text_line_height=&#8221;1.2em&#8221; header_font=&#8221;&#8211;et_global_heading_font||||||||&#8221; header_font_size=&#8221;80px&#8221; background_layout=&#8221;dark&#8221; animation_style=&#8221;fold&#8221; text_font_size_tablet=&#8221;30px&#8221; text_font_size_phone=&#8221;20px&#8221; text_font_size_last_edited=&#8221;on|phone&#8221; header_font_size_tablet=&#8221;60px&#8221; header_font_size_phone=&#8221;45px&#8221; header_font_size_last_edited=&#8221;on|phone&#8221; global_colors_info=&#8221;{}&#8221;]<\/p>\n<h1>Ajatuspaja<\/h1>\n<p>Aema Ter\u00e4s Think Tank on paikka, jossa jaamme ep\u00e4r\u00f6im\u00e4tt\u00e4 hy\u00f6dyllist\u00e4 alan tietoa, n\u00e4kemyksi\u00e4 ja innovaatioita kaikille, jotka haluavat olla huipulla. Pysy ajan tasalla ajankohtaisista trendeist\u00e4 ja parhaista k\u00e4yt\u00e4nn\u00f6ist\u00e4, joita voit hy\u00f6dynt\u00e4\u00e4.<\/p>\n<p>[\/et_pb_text][\/et_pb_column][et_pb_column type=&#8221;1_4&#8243; _builder_version=&#8221;4.16&#8243; custom_padding=&#8221;|||&#8221; global_colors_info=&#8221;{}&#8221; custom_padding__hover=&#8221;|||&#8221;][\/et_pb_column][\/et_pb_row][\/et_pb_section][et_pb_section fb_built=&#8221;1&#8243; admin_label=&#8221;Blog&#8221; _builder_version=&#8221;4.16&#8243; custom_padding=&#8221;70px|0px|70px|0px||&#8221; global_colors_info=&#8221;{}&#8221;][et_pb_row column_structure=&#8221;1_4,3_4&#8243; gutter_width=&#8221;2&#8243; _builder_version=&#8221;4.25.1&#8243; custom_padding=&#8221;10px||||false|false&#8221; global_colors_info=&#8221;{}&#8221;][et_pb_column type=&#8221;1_4&#8243; _builder_version=&#8221;4.16&#8243; custom_padding=&#8221;|||&#8221; global_colors_info=&#8221;{}&#8221; custom_padding__hover=&#8221;|||&#8221;][et_pb_sidebar _builder_version=&#8221;4.26.1&#8243; _module_preset=&#8221;default&#8221; header_text_color=&#8221;#000000&#8243; body_text_color=&#8221;#000000&#8243; global_colors_info=&#8221;{}&#8221;][\/et_pb_sidebar][\/et_pb_column][et_pb_column type=&#8221;3_4&#8243; _builder_version=&#8221;4.16&#8243; custom_padding=&#8221;|||&#8221; global_colors_info=&#8221;{}&#8221; custom_padding__hover=&#8221;|||&#8221;][et_pb_blog fullwidth=&#8221;off&#8221; posts_number=&#8221;18&#8243; include_categories=&#8221;74&#8243; excerpt_length=&#8221;90&#8243; show_author=&#8221;off&#8221; module_class=&#8221;blog-items&#8221; _builder_version=&#8221;4.26.1&#8243; header_font=&#8221;|700|||||||&#8221; header_font_size=&#8221;21px&#8221; body_font=&#8221;||||||||&#8221; body_text_color=&#8221;#898f99&#8243; body_font_size=&#8221;16px&#8221; body_line_height=&#8221;1.6em&#8221; meta_font=&#8221;||||||||&#8221; meta_text_color=&#8221;rgba(137,143,153,0.61)&#8221; meta_line_height=&#8221;1.8em&#8221; pagination_font=&#8221;|700||on|||||&#8221; pagination_text_color=&#8221;#fa7f28&#8243; pagination_letter_spacing=&#8221;2px&#8221; border_width_all=&#8221;0px&#8221; box_shadow_style=&#8221;preset1&#8243; box_shadow_vertical=&#8221;6px&#8221; box_shadow_blur=&#8221;54px&#8221; box_shadow_spread=&#8221;17px&#8221; box_shadow_color=&#8221;rgba(0,0,0,0.04)&#8221; global_colors_info=&#8221;{}&#8221;][\/et_pb_blog][\/et_pb_column][\/et_pb_row][\/et_pb_section][et_pb_section fb_built=&#8221;1&#8243; custom_padding_last_edited=&#8221;on|tablet&#8221; _builder_version=&#8221;4.27.3&#8243; _module_preset=&#8221;default&#8221; background_color=&#8221;#000000&#8243; background_enable_image=&#8221;off&#8221; custom_margin=&#8221;0px||||false|false&#8221; custom_margin_tablet=&#8221;0px||||false|false&#8221; custom_margin_phone=&#8221;0px||||false|false&#8221; custom_margin_last_edited=&#8221;on|desktop&#8221; custom_padding=&#8221;70px||70px||false|false&#8221; custom_padding_tablet=&#8221;60px||60px||true|false&#8221; custom_padding_phone=&#8221;60px||60px||false|false&#8221; animation_style=&#8221;slide&#8221; animation_direction=&#8221;left&#8221; animation_duration=&#8221;650ms&#8221; animation_delay=&#8221;500ms&#8221; saved_tabs=&#8221;all&#8221; locked=&#8221;off&#8221; global_colors_info=&#8221;{}&#8221;][et_pb_row _builder_version=&#8221;4.27.0&#8243; _module_preset=&#8221;default&#8221; max_width=&#8221;1400px&#8221; custom_margin=&#8221;0px||0px||false|false&#8221; custom_padding=&#8221;0px||0px||false|false&#8221; collapsed=&#8221;off&#8221; global_colors_info=&#8221;{}&#8221;][et_pb_column type=&#8221;4_4&#8243; _builder_version=&#8221;4.19.4&#8243; _module_preset=&#8221;default&#8221; global_colors_info=&#8221;{}&#8221;][et_pb_text _builder_version=&#8221;4.27.4&#8243; _module_preset=&#8221;default&#8221; header_2_font=&#8221;Arlon semi bold|700||on|||||&#8221; header_2_text_align=&#8221;left&#8221; header_2_text_color=&#8221;#FFFFFF&#8221; header_2_font_size=&#8221;52px&#8221; header_2_letter_spacing=&#8221;1px&#8221; header_3_font=&#8221;Arlon semi bold||||||||&#8221; header_3_text_color=&#8221;#FFFFFF&#8221; header_3_font_size=&#8221;24px&#8221; header_3_line_height=&#8221;1.2em&#8221; max_width=&#8221;1050px&#8221; max_width_tablet=&#8221;100%&#8221; max_width_phone=&#8221;100%&#8221; max_width_last_edited=&#8221;on|tablet&#8221; custom_margin=&#8221;0px|-29px|30px||false|false&#8221; custom_padding=&#8221;0px||0px||false|false&#8221; header_2_font_size_tablet=&#8221;60px&#8221; header_2_font_size_phone=&#8221;30px&#8221; header_2_font_size_last_edited=&#8221;on|phone&#8221; header_3_font_tablet=&#8221;&#8221; header_3_font_phone=&#8221;&#8221; header_3_font_last_edited=&#8221;on|phone&#8221; global_colors_info=&#8221;{}&#8221;]<\/p>\n<h2>Kest\u00e4vyytt\u00e4 ja lujuutta jokaiseen projektiin, joka kerta<\/h2>\n<h3>Laadukkaita rakenneter\u00e4sratkaisuja jokaiseen projektiin<\/h3>\n<p>&nbsp;<\/p>\n<p>[\/et_pb_text][et_pb_button button_url=&#8221;https:\/\/steel.aema.fi\/fi\/yhteystiedot\/&#8221; button_text=&#8221;Ota yhteytt\u00e4&#8221; button_alignment=&#8221;left&#8221; disabled_on=&#8221;off|off|off&#8221; _builder_version=&#8221;4.25.1&#8243; _module_preset=&#8221;default&#8221; custom_button=&#8221;on&#8221; button_text_size=&#8221;16px&#8221; button_text_color=&#8221;#FFFFFF&#8221; button_bg_color=&#8221;RGBA(255,255,255,0)&#8221; button_border_width=&#8221;0px&#8221; button_border_radius=&#8221;0px&#8221; button_font=&#8221;Arlon regular|||on|||||&#8221; button_icon=&#8221;&#x45;||divi||400&#8243; button_icon_color=&#8221;#0060aa&#8221; button_on_hover=&#8221;off&#8221; background_layout=&#8221;dark&#8221; custom_margin=&#8221;0px||0px||false|false&#8221; custom_padding=&#8221;0px|0px|0px|0px|false|false&#8221; locked=&#8221;off&#8221; global_colors_info=&#8221;{}&#8221; button_letter_spacing__hover_enabled=&#8221;on|hover&#8221; button_letter_spacing__hover=&#8221;0px&#8221;][\/et_pb_button][\/et_pb_column][\/et_pb_row][\/et_pb_section]<\/p>\n","protected":false},"excerpt":{"rendered":"<p>Ajatuspaja Aema Ter\u00e4s Think Tank on paikka, jossa jaamme ep\u00e4r\u00f6im\u00e4tt\u00e4 hy\u00f6dyllist\u00e4 alan tietoa, n\u00e4kemyksi\u00e4 ja innovaatioita kaikille, jotka haluavat olla huipulla. Pysy ajan tasalla ajankohtaisista trendeist\u00e4 ja parhaista k\u00e4yt\u00e4nn\u00f6ist\u00e4, joita voit hy\u00f6dynt\u00e4\u00e4.Kest\u00e4vyytt\u00e4 ja lujuutta jokaiseen projektiin, joka kerta Laadukkaita rakenneter\u00e4sratkaisuja jokaiseen projektiin &nbsp;<\/p>\n","protected":false},"author":6,"featured_media":0,"parent":0,"menu_order":0,"comment_status":"closed","ping_status":"closed","template":"","meta":{"_et_pb_use_builder":"on","_et_pb_old_content":"","_et_gb_content_width":"","footnotes":""},"class_list":["post-238118","page","type-page","status-publish","hentry"],"yoast_head":"<!-- This site is optimized with the Yoast SEO plugin v27.5 - https:\/\/yoast.com\/product\/yoast-seo-wordpress\/ -->\n<title>Think Tank - Tietopohja Aema Ter\u00e4s<\/title>\n<meta name=\"description\" content=\"Aema Ter\u00e4s Think Tank on paikka, jossa emme ep\u00e4r\u00f6i jakaa hy\u00f6dyllist\u00e4 alan tietoa, n\u00e4kemyksi\u00e4 ja innovaatioita.\" \/>\n<meta name=\"robots\" content=\"index, follow, max-snippet:-1, max-image-preview:large, max-video-preview:-1\" \/>\n<link rel=\"canonical\" href=\"https:\/\/steel.aema.fi\/fi\/ajatuspaja\/\" \/>\n<meta property=\"og:locale\" content=\"fi_FI\" \/>\n<meta property=\"og:type\" content=\"article\" \/>\n<meta property=\"og:title\" content=\"Think Tank - Tietopohja Aema Ter\u00e4s\" \/>\n<meta property=\"og:description\" content=\"Aema Ter\u00e4s Think Tank on paikka, jossa emme ep\u00e4r\u00f6i jakaa hy\u00f6dyllist\u00e4 alan tietoa, n\u00e4kemyksi\u00e4 ja innovaatioita.\" \/>\n<meta property=\"og:url\" content=\"https:\/\/steel.aema.fi\/fi\/ajatuspaja\/\" \/>\n<meta property=\"og:site_name\" content=\"Aema Steel\" \/>\n<meta property=\"article:modified_time\" content=\"2025-07-18T12:38:53+00:00\" \/>\n<meta property=\"og:image\" content=\"https:\/\/steel.aema.fi\/wp-content\/uploads\/2024\/07\/welder.webp\" \/>\n\t<meta property=\"og:image:width\" content=\"2500\" \/>\n\t<meta property=\"og:image:height\" content=\"715\" \/>\n\t<meta property=\"og:image:type\" content=\"image\/webp\" \/>\n<meta name=\"twitter:card\" content=\"summary_large_image\" \/>\n<meta name=\"twitter:label1\" content=\"Arvioitu lukuaika\" \/>\n\t<meta name=\"twitter:data1\" content=\"1 minuutti\" \/>\n<script type=\"application\/ld+json\" class=\"yoast-schema-graph\">{\"@context\":\"https:\\\/\\\/schema.org\",\"@graph\":[{\"@type\":\"WebPage\",\"@id\":\"https:\\\/\\\/steel.aema.fi\\\/fi\\\/ajatuspaja\\\/\",\"url\":\"https:\\\/\\\/steel.aema.fi\\\/fi\\\/ajatuspaja\\\/\",\"name\":\"Think Tank - Tietopohja Aema Ter\u00e4s\",\"isPartOf\":{\"@id\":\"https:\\\/\\\/steel.aema.fi\\\/fi\\\/#website\"},\"datePublished\":\"2024-05-28T13:24:31+00:00\",\"dateModified\":\"2025-07-18T12:38:53+00:00\",\"description\":\"Aema Ter\u00e4s Think Tank on paikka, jossa emme ep\u00e4r\u00f6i jakaa hy\u00f6dyllist\u00e4 alan tietoa, n\u00e4kemyksi\u00e4 ja innovaatioita.\",\"inLanguage\":\"fi\",\"potentialAction\":[{\"@type\":\"ReadAction\",\"target\":[\"https:\\\/\\\/steel.aema.fi\\\/fi\\\/ajatuspaja\\\/\"]}]},{\"@type\":\"WebSite\",\"@id\":\"https:\\\/\\\/steel.aema.fi\\\/fi\\\/#website\",\"url\":\"https:\\\/\\\/steel.aema.fi\\\/fi\\\/\",\"name\":\"Aema Steel\",\"description\":\"Trusted European Steel Supplier and Professional Importer\",\"publisher\":{\"@id\":\"https:\\\/\\\/steel.aema.fi\\\/fi\\\/#organization\"},\"potentialAction\":[{\"@type\":\"SearchAction\",\"target\":{\"@type\":\"EntryPoint\",\"urlTemplate\":\"https:\\\/\\\/steel.aema.fi\\\/fi\\\/?s={search_term_string}\"},\"query-input\":{\"@type\":\"PropertyValueSpecification\",\"valueRequired\":true,\"valueName\":\"search_term_string\"}}],\"inLanguage\":\"fi\"},{\"@type\":\"Organization\",\"@id\":\"https:\\\/\\\/steel.aema.fi\\\/fi\\\/#organization\",\"name\":\"Aema Steel\",\"url\":\"https:\\\/\\\/steel.aema.fi\\\/fi\\\/\",\"logo\":{\"@type\":\"ImageObject\",\"inLanguage\":\"fi\",\"@id\":\"https:\\\/\\\/steel.aema.fi\\\/fi\\\/#\\\/schema\\\/logo\\\/image\\\/\",\"url\":\"https:\\\/\\\/steel.aema.fi\\\/wp-content\\\/uploads\\\/2024\\\/10\\\/aema_logo.jpg\",\"contentUrl\":\"https:\\\/\\\/steel.aema.fi\\\/wp-content\\\/uploads\\\/2024\\\/10\\\/aema_logo.jpg\",\"width\":1466,\"height\":349,\"caption\":\"Aema Steel\"},\"image\":{\"@id\":\"https:\\\/\\\/steel.aema.fi\\\/fi\\\/#\\\/schema\\\/logo\\\/image\\\/\"},\"sameAs\":[\"https:\\\/\\\/www.linkedin.com\\\/company\\\/aema-steel\\\/\"]}]}<\/script>\n<!-- \/ Yoast SEO plugin. -->","yoast_head_json":{"title":"Think Tank - Tietopohja Aema Ter\u00e4s","description":"Aema Ter\u00e4s Think Tank on paikka, jossa emme ep\u00e4r\u00f6i jakaa hy\u00f6dyllist\u00e4 alan tietoa, n\u00e4kemyksi\u00e4 ja innovaatioita.","robots":{"index":"index","follow":"follow","max-snippet":"max-snippet:-1","max-image-preview":"max-image-preview:large","max-video-preview":"max-video-preview:-1"},"canonical":"https:\/\/steel.aema.fi\/fi\/ajatuspaja\/","og_locale":"fi_FI","og_type":"article","og_title":"Think Tank - Tietopohja Aema Ter\u00e4s","og_description":"Aema Ter\u00e4s Think Tank on paikka, jossa emme ep\u00e4r\u00f6i jakaa hy\u00f6dyllist\u00e4 alan tietoa, n\u00e4kemyksi\u00e4 ja innovaatioita.","og_url":"https:\/\/steel.aema.fi\/fi\/ajatuspaja\/","og_site_name":"Aema Steel","article_modified_time":"2025-07-18T12:38:53+00:00","og_image":[{"width":2500,"height":715,"url":"https:\/\/steel.aema.fi\/wp-content\/uploads\/2024\/07\/welder.webp","type":"image\/webp"}],"twitter_card":"summary_large_image","twitter_misc":{"Arvioitu lukuaika":"1 minuutti"},"schema":{"@context":"https:\/\/schema.org","@graph":[{"@type":"WebPage","@id":"https:\/\/steel.aema.fi\/fi\/ajatuspaja\/","url":"https:\/\/steel.aema.fi\/fi\/ajatuspaja\/","name":"Think Tank - Tietopohja Aema Ter\u00e4s","isPartOf":{"@id":"https:\/\/steel.aema.fi\/fi\/#website"},"datePublished":"2024-05-28T13:24:31+00:00","dateModified":"2025-07-18T12:38:53+00:00","description":"Aema Ter\u00e4s Think Tank on paikka, jossa emme ep\u00e4r\u00f6i jakaa hy\u00f6dyllist\u00e4 alan tietoa, n\u00e4kemyksi\u00e4 ja innovaatioita.","inLanguage":"fi","potentialAction":[{"@type":"ReadAction","target":["https:\/\/steel.aema.fi\/fi\/ajatuspaja\/"]}]},{"@type":"WebSite","@id":"https:\/\/steel.aema.fi\/fi\/#website","url":"https:\/\/steel.aema.fi\/fi\/","name":"Aema Steel","description":"Trusted European Steel Supplier and Professional Importer","publisher":{"@id":"https:\/\/steel.aema.fi\/fi\/#organization"},"potentialAction":[{"@type":"SearchAction","target":{"@type":"EntryPoint","urlTemplate":"https:\/\/steel.aema.fi\/fi\/?s={search_term_string}"},"query-input":{"@type":"PropertyValueSpecification","valueRequired":true,"valueName":"search_term_string"}}],"inLanguage":"fi"},{"@type":"Organization","@id":"https:\/\/steel.aema.fi\/fi\/#organization","name":"Aema Steel","url":"https:\/\/steel.aema.fi\/fi\/","logo":{"@type":"ImageObject","inLanguage":"fi","@id":"https:\/\/steel.aema.fi\/fi\/#\/schema\/logo\/image\/","url":"https:\/\/steel.aema.fi\/wp-content\/uploads\/2024\/10\/aema_logo.jpg","contentUrl":"https:\/\/steel.aema.fi\/wp-content\/uploads\/2024\/10\/aema_logo.jpg","width":1466,"height":349,"caption":"Aema Steel"},"image":{"@id":"https:\/\/steel.aema.fi\/fi\/#\/schema\/logo\/image\/"},"sameAs":["https:\/\/www.linkedin.com\/company\/aema-steel\/"]}]}},"_links":{"self":[{"href":"https:\/\/steel.aema.fi\/fi\/wp-json\/wp\/v2\/pages\/238118","targetHints":{"allow":["GET"]}}],"collection":[{"href":"https:\/\/steel.aema.fi\/fi\/wp-json\/wp\/v2\/pages"}],"about":[{"href":"https:\/\/steel.aema.fi\/fi\/wp-json\/wp\/v2\/types\/page"}],"author":[{"embeddable":true,"href":"https:\/\/steel.aema.fi\/fi\/wp-json\/wp\/v2\/users\/6"}],"replies":[{"embeddable":true,"href":"https:\/\/steel.aema.fi\/fi\/wp-json\/wp\/v2\/comments?post=238118"}],"version-history":[{"count":0,"href":"https:\/\/steel.aema.fi\/fi\/wp-json\/wp\/v2\/pages\/238118\/revisions"}],"wp:attachment":[{"href":"https:\/\/steel.aema.fi\/fi\/wp-json\/wp\/v2\/media?parent=238118"}],"curies":[{"name":"wp","href":"https:\/\/api.w.org\/{rel}","templated":true}]}}