{"id":238968,"date":"2024-09-17T14:04:25","date_gmt":"2024-09-17T14:04:25","guid":{"rendered":"https:\/\/steel.aema.fi\/aema-oy-tietosuojaseloste\/"},"modified":"2025-06-20T15:13:26","modified_gmt":"2025-06-20T15:13:26","slug":"aema-oy-tietosuojaseloste","status":"publish","type":"page","link":"https:\/\/steel.aema.fi\/fi\/aema-oy-tietosuojaseloste\/","title":{"rendered":"Aema OY Tietosuojaseloste"},"content":{"rendered":"<p>[et_pb_section fb_built=&#8221;1&#8243; _builder_version=&#8221;4.27.0&#8243; _module_preset=&#8221;default&#8221; background_color=&#8221;#0060aa&#8221; global_colors_info=&#8221;{}&#8221;][et_pb_row column_structure=&#8221;1_5,3_5,1_5&#8243; _builder_version=&#8221;4.27.0&#8243; _module_preset=&#8221;default&#8221; global_colors_info=&#8221;{}&#8221;][et_pb_column type=&#8221;1_5&#8243; _builder_version=&#8221;4.27.0&#8243; _module_preset=&#8221;default&#8221; global_colors_info=&#8221;{}&#8221;][\/et_pb_column][et_pb_column type=&#8221;3_5&#8243; _builder_version=&#8221;4.27.0&#8243; _module_preset=&#8221;default&#8221; global_colors_info=&#8221;{}&#8221;][et_pb_text _builder_version=&#8221;4.27.4&#8243; _module_preset=&#8221;default&#8221; text_text_color=&#8221;#FFFFFF&#8221; header_text_color=&#8221;#FFFFFF&#8221; header_font_size=&#8221;40px&#8221; global_colors_info=&#8221;{}&#8221;]<\/p>\n<h1>Aema OY Tietosuojaseloste<\/h1>\n<h5><span style=\"color: #ffffff;\">Voimaantulop\u00e4iv\u00e4: Syyskuu 2024<\/span><\/h5>\n<p>[\/et_pb_text][\/et_pb_column][et_pb_column type=&#8221;1_5&#8243; _builder_version=&#8221;4.27.0&#8243; _module_preset=&#8221;default&#8221; global_colors_info=&#8221;{}&#8221;][\/et_pb_column][\/et_pb_row][\/et_pb_section][et_pb_section fb_built=&#8221;1&#8243; _builder_version=&#8221;4.27.0&#8243; _module_preset=&#8221;default&#8221; global_colors_info=&#8221;{}&#8221;][et_pb_row column_structure=&#8221;1_5,3_5,1_5&#8243; _builder_version=&#8221;4.27.0&#8243; _module_preset=&#8221;default&#8221; custom_padding=&#8221;0px|||||&#8221; global_colors_info=&#8221;{}&#8221;][et_pb_column type=&#8221;1_5&#8243; _builder_version=&#8221;4.27.0&#8243; _module_preset=&#8221;default&#8221; global_colors_info=&#8221;{}&#8221;][\/et_pb_column][et_pb_column type=&#8221;3_5&#8243; _builder_version=&#8221;4.27.0&#8243; _module_preset=&#8221;default&#8221; global_colors_info=&#8221;{}&#8221;][et_pb_text _builder_version=&#8221;4.27.4&#8243; _module_preset=&#8221;default&#8221; global_colors_info=&#8221;{}&#8221;]<\/p>\n<p>Aema OY:n tietosuojak\u00e4yt\u00e4nn\u00f6ss\u00e4 kerrotaan, miten ker\u00e4\u00e4mme, k\u00e4yt\u00e4mme, jaamme ja suojaamme henkil\u00f6tietojasi, kun olet vuorovaikutuksessa verkkosivustomme tai palveluidemme kanssa.<\/p>\n<p>Olemme Aema OY:ss\u00e4 sitoutuneet suojelemaan asiakkaidemme, yhteisty\u00f6kumppaneidemme ja verkkosivujen k\u00e4vij\u00f6iden yksityisyytt\u00e4 ja henkil\u00f6tietoja.<\/p>\n<p>&nbsp;<\/p>\n<h2>1. Ker\u00e4\u00e4m\u00e4mme tiedot<\/h2>\n<p>Voimme ker\u00e4t\u00e4 seuraavanlaisia henkil\u00f6tietoja:<\/p>\n<p>&#8211; Henkil\u00f6kohtaiset tunnistetiedot: Nimi, s\u00e4hk\u00f6postiosoite, puhelinnumero ja yritystiedot, kun l\u00e4het\u00e4t vapaaehtoisesti lomakkeita verkkosivustollamme tai kirjeenvaihdon kautta.<br \/>&#8211; Tekniset tiedot: IP-osoite, selaimen tyyppi ja ev\u00e4steet k\u00e4ytt\u00e4j\u00e4kokemuksen parantamiseksi ja sivustomme liikenteen analysoimiseksi.<br \/>&#8211; Tapahtumatiedot: Palveluidemme kautta tehtyihin ostoihin, sopimuksiin tai sopimuksiin liittyv\u00e4t tiedot.<\/p>\n<h2>2. Miten k\u00e4yt\u00e4mme tietojasi<\/h2>\n<p>Aema OY k\u00e4ytt\u00e4\u00e4 ker\u00e4ttyj\u00e4 tietoja seuraaviin tarkoituksiin:<\/p>\n<p>&#8211; Palvelujen tarjoaminen: K\u00e4sittelemme kyselyit\u00e4, t\u00e4yt\u00e4mme sopimuksia ja toimitamme sinulle p\u00e4ivityksi\u00e4 tuotteistamme ja palveluistamme.<br \/>&#8211; Markkinointi ja viestint\u00e4: Suostumuksellasi saatamme l\u00e4hett\u00e4\u00e4 sinulle myynninedist\u00e4mismateriaalia ja tietoa, joka liittyy tarjontaamme.<br \/>&#8211; Verkkosivuston parantaminen: Analysoimme ja parannamme verkkosivustoamme ja palveluitamme seuraamalla k\u00e4vij\u00f6iden k\u00e4ytt\u00f6tapoja.<\/p>\n<h2>3. Tietojesi jakaminen<\/h2>\n<p>Kunnioitamme yksityisyytt\u00e4si, emmek\u00e4 myy, vaihda tai muuten jaa henkil\u00f6tietojasi ilman suostumustasi, paitsi seuraavissa tapauksissa:<\/p>\n<p>&#8211; Palveluntarjoajat: Palveluntarjoajat: Saatamme jakaa tietoja luotettavien kolmansien osapuolten kanssa, jotka auttavat meit\u00e4 verkkosivuston toiminnassa tai palvelujen tarjoamisessa (esim. maksujen k\u00e4sittely, IT-palvelut).<br \/>&#8211; Lakis\u00e4\u00e4teiset vaatimukset: Aema OY:n tai muiden henkil\u00f6iden oikeuksien, turvallisuuden tai omaisuuden suojelemiseksi saatamme jakaa henkil\u00f6tietoja, jos laki sit\u00e4 vaatii.<\/p>\n<h2>4. Tietoturva<\/h2>\n<p>Aema OY suhtautuu tietoturvaan vakavasti. K\u00e4yt\u00e4mme asianmukaisia teknisi\u00e4 ja organisatorisia toimenpiteit\u00e4 henkil\u00f6tietojesi suojaamiseksi luvattomalta k\u00e4yt\u00f6lt\u00e4, luovuttamiselta tai muuttamiselta. Mit\u00e4\u00e4n verkkol\u00e4hetyst\u00e4 ei kuitenkaan voida taata t\u00e4ysin turvalliseksi, joten pyyd\u00e4mme sinua olemaan tietoinen kaikista riskeist\u00e4, jotka liittyv\u00e4t tietojen jakamiseen verkossa.  <\/p>\n<h2>5. Ev\u00e4steet ja seurantatekniikat<\/h2>\n<p>Verkkosivustomme k\u00e4ytt\u00e4\u00e4 ev\u00e4steit\u00e4 k\u00e4ytt\u00e4j\u00e4kokemuksen parantamiseen ja k\u00e4ytt\u00e4j\u00e4liikenteen analysointiin. Jatkamalla verkkosivustomme k\u00e4ytt\u00f6\u00e4 hyv\u00e4ksyt ev\u00e4steiden k\u00e4yt\u00f6n. Voit poistaa ev\u00e4steet k\u00e4yt\u00f6st\u00e4 selaimesi asetusten kautta, mutta t\u00e4m\u00e4 voi rajoittaa mahdollisuuksiasi olla t\u00e4ysin vuorovaikutuksessa verkkosivustomme kanssa.  <\/p>\n<h2>6. Oikeutesi<\/h2>\n<p>Sinulla on seuraavat henkil\u00f6tietojasi koskevat oikeudet:<\/p>\n<p>&#8211; P\u00e4\u00e4sy ja oikaisu: Pyyd\u00e4 p\u00e4\u00e4sy\u00e4 henkil\u00f6tietoihisi ja korjaa mahdolliset virheet.<br \/>&#8211; Poistaminen: Pyyd\u00e4 tietojesi poistamista tietyiss\u00e4 olosuhteissa.<br \/>&#8211; K\u00e4sittelyn vastustaminen: Vastusta tietojesi k\u00e4sittely\u00e4 markkinointiin tai muihin tarkoituksiin.<br \/>&#8211; Tietojen siirrett\u00e4vyys: Pyyd\u00e4, ett\u00e4 henkil\u00f6tietosi siirret\u00e4\u00e4n toiselle taholle.<br \/>Jos haluat k\u00e4ytt\u00e4\u00e4 jotakin n\u00e4ist\u00e4 oikeuksista, ota meihin yhteytt\u00e4 osoitteessa <a href=\"mailto:steel@aema.fi\">steel@aema.fi<\/a>.<\/p>\n<h2>7. Kansainv\u00e4liset tiedonsiirrot<\/h2>\n<p>Jos asut Euroopan talousalueen (ETA) ulkopuolella, ota huomioon, ett\u00e4 henkil\u00f6tietojasi voidaan siirt\u00e4\u00e4, tallentaa ja k\u00e4sitell\u00e4 maassa, joka ei tarjoa samaa tietosuojan tasoa kuin kotimaasi. K\u00e4ytt\u00e4m\u00e4ll\u00e4 palveluitamme annat suostumuksesi t\u00e4llaisiin siirtoihin. <\/p>\n<h2>8. Muutokset Aema OY:n tietosuojak\u00e4yt\u00e4nt\u00f6\u00f6n<\/h2>\n<p>Saatamme p\u00e4ivitt\u00e4\u00e4 t\u00e4t\u00e4 tietosuojak\u00e4yt\u00e4nt\u00f6\u00e4 aika ajoin vastaamaan k\u00e4yt\u00e4nt\u00f6jemme tai lakis\u00e4\u00e4teisten velvoitteiden muutoksia. Ajantasaisin versio on aina saatavilla verkkosivustollamme, ja merkitt\u00e4vist\u00e4 muutoksista ilmoitetaan sinulle suoraan. <\/p>\n<h2>9. Ota yhteytt\u00e4<\/h2>\n<p>Jos sinulla on kysytt\u00e4v\u00e4\u00e4 tai huolenaiheita Aema OY:n tietosuojak\u00e4yt\u00e4nn\u00f6st\u00e4, ota meihin yhteytt\u00e4 osoitteeseen:<\/p>\n<p>Aema OY<br \/>S\u00e4hk\u00f6posti: steel@aema.fi<br \/>Puhelin: +358 44 237 6666<br \/>Osoite: Aleksanterinkatu 11, 00100 Helsinki.<\/p>\n<p>[\/et_pb_text][\/et_pb_column][et_pb_column type=&#8221;1_5&#8243; _builder_version=&#8221;4.27.0&#8243; _module_preset=&#8221;default&#8221; global_colors_info=&#8221;{}&#8221;][\/et_pb_column][\/et_pb_row][\/et_pb_section][et_pb_section fb_built=&#8221;1&#8243; custom_padding_last_edited=&#8221;on|tablet&#8221; _builder_version=&#8221;4.27.3&#8243; _module_preset=&#8221;default&#8221; background_color=&#8221;#000000&#8243; background_enable_image=&#8221;off&#8221; custom_margin=&#8221;0px||||false|false&#8221; custom_margin_tablet=&#8221;0px||||false|false&#8221; custom_margin_phone=&#8221;0px||||false|false&#8221; custom_margin_last_edited=&#8221;on|desktop&#8221; custom_padding=&#8221;70px||70px||false|false&#8221; custom_padding_tablet=&#8221;60px||60px||true|false&#8221; custom_padding_phone=&#8221;60px||60px||false|false&#8221; animation_style=&#8221;slide&#8221; animation_direction=&#8221;left&#8221; animation_duration=&#8221;650ms&#8221; animation_delay=&#8221;500ms&#8221; saved_tabs=&#8221;all&#8221; locked=&#8221;off&#8221; global_colors_info=&#8221;{}&#8221;][et_pb_row _builder_version=&#8221;4.27.0&#8243; _module_preset=&#8221;default&#8221; max_width=&#8221;1400px&#8221; custom_margin=&#8221;0px||0px||false|false&#8221; custom_padding=&#8221;0px||0px||false|false&#8221; collapsed=&#8221;off&#8221; global_colors_info=&#8221;{}&#8221;][et_pb_column type=&#8221;4_4&#8243; _builder_version=&#8221;4.19.4&#8243; _module_preset=&#8221;default&#8221; global_colors_info=&#8221;{}&#8221;][et_pb_text _builder_version=&#8221;4.27.4&#8243; _module_preset=&#8221;default&#8221; header_2_font=&#8221;Arlon semi bold|700||on|||||&#8221; header_2_text_align=&#8221;left&#8221; header_2_text_color=&#8221;#FFFFFF&#8221; header_2_font_size=&#8221;52px&#8221; header_2_letter_spacing=&#8221;1px&#8221; header_3_font=&#8221;Arlon semi bold||||||||&#8221; header_3_text_color=&#8221;#FFFFFF&#8221; header_3_font_size=&#8221;24px&#8221; header_3_line_height=&#8221;1.2em&#8221; max_width=&#8221;1050px&#8221; max_width_tablet=&#8221;100%&#8221; max_width_phone=&#8221;100%&#8221; max_width_last_edited=&#8221;on|tablet&#8221; custom_margin=&#8221;0px|-29px|30px||false|false&#8221; custom_padding=&#8221;0px||0px||false|false&#8221; header_2_font_size_tablet=&#8221;60px&#8221; header_2_font_size_phone=&#8221;30px&#8221; header_2_font_size_last_edited=&#8221;on|phone&#8221; header_3_font_tablet=&#8221;&#8221; header_3_font_phone=&#8221;&#8221; header_3_font_last_edited=&#8221;on|phone&#8221; global_colors_info=&#8221;{}&#8221;]<\/p>\n<h2>Kest\u00e4vyytt\u00e4 ja lujuutta jokaiseen projektiin, joka kerta<\/h2>\n<h3>Laadukkaita rakenneter\u00e4sratkaisuja jokaiseen projektiin<\/h3>\n<p>[\/et_pb_text][et_pb_button button_url=&#8221;https:\/\/steel.aema.fi\/fi\/yhteystiedot\/&#8221; button_text=&#8221;Ota yhteytt\u00e4&#8221; button_alignment=&#8221;left&#8221; disabled_on=&#8221;off|off|off&#8221; _builder_version=&#8221;4.25.1&#8243; _module_preset=&#8221;default&#8221; custom_button=&#8221;on&#8221; button_text_size=&#8221;16px&#8221; button_text_color=&#8221;#FFFFFF&#8221; button_bg_color=&#8221;RGBA(255,255,255,0)&#8221; button_border_width=&#8221;0px&#8221; button_border_radius=&#8221;0px&#8221; button_font=&#8221;Arlon regular|||on|||||&#8221; button_icon=&#8221;&#x45;||divi||400&#8243; button_icon_color=&#8221;#0060aa&#8221; button_on_hover=&#8221;off&#8221; background_layout=&#8221;dark&#8221; custom_margin=&#8221;0px||0px||false|false&#8221; custom_padding=&#8221;0px|0px|0px|0px|false|false&#8221; locked=&#8221;off&#8221; global_colors_info=&#8221;{}&#8221; button_letter_spacing__hover_enabled=&#8221;on|hover&#8221; button_letter_spacing__hover=&#8221;0px&#8221;][\/et_pb_button][\/et_pb_column][\/et_pb_row][\/et_pb_section]<\/p>\n","protected":false},"excerpt":{"rendered":"<p>Aema OY Tietosuojaseloste Voimaantulop\u00e4iv\u00e4: Syyskuu 2024Aema OY:n tietosuojak\u00e4yt\u00e4nn\u00f6ss\u00e4 kerrotaan, miten ker\u00e4\u00e4mme, k\u00e4yt\u00e4mme, jaamme ja suojaamme henkil\u00f6tietojasi, kun olet vuorovaikutuksessa verkkosivustomme tai palveluidemme kanssa. Olemme Aema OY:ss\u00e4 sitoutuneet suojelemaan asiakkaidemme, yhteisty\u00f6kumppaneidemme ja verkkosivujen k\u00e4vij\u00f6iden yksityisyytt\u00e4 ja henkil\u00f6tietoja. &nbsp; 1. Ker\u00e4\u00e4m\u00e4mme tiedot Voimme ker\u00e4t\u00e4 seuraavanlaisia henkil\u00f6tietoja: &#8211; Henkil\u00f6kohtaiset tunnistetiedot: Nimi, s\u00e4hk\u00f6postiosoite, puhelinnumero ja yritystiedot, kun l\u00e4het\u00e4t vapaaehtoisesti [&hellip;]<\/p>\n","protected":false},"author":6,"featured_media":0,"parent":0,"menu_order":0,"comment_status":"closed","ping_status":"closed","template":"","meta":{"_et_pb_use_builder":"on","_et_pb_old_content":"","_et_gb_content_width":"","footnotes":""},"class_list":["post-238968","page","type-page","status-publish","hentry"],"yoast_head":"<!-- This site is optimized with the Yoast SEO plugin v27.5 - https:\/\/yoast.com\/product\/yoast-seo-wordpress\/ -->\n<title>Tietosuojak\u00e4yt\u00e4nt\u00f6<\/title>\n<meta name=\"description\" content=\"Aema OY:n tietosuojak\u00e4yt\u00e4nn\u00f6ss\u00e4 kerrotaan, miten ker\u00e4\u00e4mme, k\u00e4yt\u00e4mme, jaamme ja suojaamme henkil\u00f6tietojasi, kun olet vuorovaikutuksessa verkkosivustomme kanssa.\" \/>\n<meta name=\"robots\" content=\"index, follow, max-snippet:-1, max-image-preview:large, max-video-preview:-1\" \/>\n<link rel=\"canonical\" href=\"https:\/\/steel.aema.fi\/fi\/aema-oy-tietosuojaseloste\/\" \/>\n<meta property=\"og:locale\" content=\"fi_FI\" \/>\n<meta property=\"og:type\" content=\"article\" \/>\n<meta property=\"og:title\" content=\"Tietosuojak\u00e4yt\u00e4nt\u00f6\" \/>\n<meta property=\"og:description\" content=\"Aema OY:n tietosuojak\u00e4yt\u00e4nn\u00f6ss\u00e4 kerrotaan, miten ker\u00e4\u00e4mme, k\u00e4yt\u00e4mme, jaamme ja suojaamme henkil\u00f6tietojasi, kun olet vuorovaikutuksessa verkkosivustomme kanssa.\" \/>\n<meta property=\"og:url\" content=\"https:\/\/steel.aema.fi\/fi\/aema-oy-tietosuojaseloste\/\" \/>\n<meta property=\"og:site_name\" content=\"Aema Steel\" \/>\n<meta property=\"article:modified_time\" content=\"2025-06-20T15:13:26+00:00\" \/>\n<meta property=\"og:image\" content=\"https:\/\/steel.aema.fi\/wp-content\/uploads\/2024\/07\/welder.webp\" \/>\n\t<meta property=\"og:image:width\" content=\"2500\" \/>\n\t<meta property=\"og:image:height\" content=\"715\" \/>\n\t<meta property=\"og:image:type\" content=\"image\/webp\" \/>\n<meta name=\"twitter:card\" content=\"summary_large_image\" \/>\n<meta name=\"twitter:label1\" content=\"Arvioitu lukuaika\" \/>\n\t<meta name=\"twitter:data1\" content=\"2 minuuttia\" \/>\n<script type=\"application\/ld+json\" class=\"yoast-schema-graph\">{\"@context\":\"https:\\\/\\\/schema.org\",\"@graph\":[{\"@type\":\"WebPage\",\"@id\":\"https:\\\/\\\/steel.aema.fi\\\/fi\\\/aema-oy-tietosuojaseloste\\\/\",\"url\":\"https:\\\/\\\/steel.aema.fi\\\/fi\\\/aema-oy-tietosuojaseloste\\\/\",\"name\":\"Tietosuojak\u00e4yt\u00e4nt\u00f6\",\"isPartOf\":{\"@id\":\"https:\\\/\\\/steel.aema.fi\\\/fi\\\/#website\"},\"datePublished\":\"2024-09-17T14:04:25+00:00\",\"dateModified\":\"2025-06-20T15:13:26+00:00\",\"description\":\"Aema OY:n tietosuojak\u00e4yt\u00e4nn\u00f6ss\u00e4 kerrotaan, miten ker\u00e4\u00e4mme, k\u00e4yt\u00e4mme, jaamme ja suojaamme henkil\u00f6tietojasi, kun olet vuorovaikutuksessa verkkosivustomme kanssa.\",\"inLanguage\":\"fi\",\"potentialAction\":[{\"@type\":\"ReadAction\",\"target\":[\"https:\\\/\\\/steel.aema.fi\\\/fi\\\/aema-oy-tietosuojaseloste\\\/\"]}]},{\"@type\":\"WebSite\",\"@id\":\"https:\\\/\\\/steel.aema.fi\\\/fi\\\/#website\",\"url\":\"https:\\\/\\\/steel.aema.fi\\\/fi\\\/\",\"name\":\"Aema Steel\",\"description\":\"Trusted European Steel Supplier and Professional Importer\",\"publisher\":{\"@id\":\"https:\\\/\\\/steel.aema.fi\\\/fi\\\/#organization\"},\"potentialAction\":[{\"@type\":\"SearchAction\",\"target\":{\"@type\":\"EntryPoint\",\"urlTemplate\":\"https:\\\/\\\/steel.aema.fi\\\/fi\\\/?s={search_term_string}\"},\"query-input\":{\"@type\":\"PropertyValueSpecification\",\"valueRequired\":true,\"valueName\":\"search_term_string\"}}],\"inLanguage\":\"fi\"},{\"@type\":\"Organization\",\"@id\":\"https:\\\/\\\/steel.aema.fi\\\/fi\\\/#organization\",\"name\":\"Aema Steel\",\"url\":\"https:\\\/\\\/steel.aema.fi\\\/fi\\\/\",\"logo\":{\"@type\":\"ImageObject\",\"inLanguage\":\"fi\",\"@id\":\"https:\\\/\\\/steel.aema.fi\\\/fi\\\/#\\\/schema\\\/logo\\\/image\\\/\",\"url\":\"https:\\\/\\\/steel.aema.fi\\\/wp-content\\\/uploads\\\/2024\\\/10\\\/aema_logo.jpg\",\"contentUrl\":\"https:\\\/\\\/steel.aema.fi\\\/wp-content\\\/uploads\\\/2024\\\/10\\\/aema_logo.jpg\",\"width\":1466,\"height\":349,\"caption\":\"Aema Steel\"},\"image\":{\"@id\":\"https:\\\/\\\/steel.aema.fi\\\/fi\\\/#\\\/schema\\\/logo\\\/image\\\/\"},\"sameAs\":[\"https:\\\/\\\/www.linkedin.com\\\/company\\\/aema-steel\\\/\"]}]}<\/script>\n<!-- \/ Yoast SEO plugin. -->","yoast_head_json":{"title":"Tietosuojak\u00e4yt\u00e4nt\u00f6","description":"Aema OY:n tietosuojak\u00e4yt\u00e4nn\u00f6ss\u00e4 kerrotaan, miten ker\u00e4\u00e4mme, k\u00e4yt\u00e4mme, jaamme ja suojaamme henkil\u00f6tietojasi, kun olet vuorovaikutuksessa verkkosivustomme kanssa.","robots":{"index":"index","follow":"follow","max-snippet":"max-snippet:-1","max-image-preview":"max-image-preview:large","max-video-preview":"max-video-preview:-1"},"canonical":"https:\/\/steel.aema.fi\/fi\/aema-oy-tietosuojaseloste\/","og_locale":"fi_FI","og_type":"article","og_title":"Tietosuojak\u00e4yt\u00e4nt\u00f6","og_description":"Aema OY:n tietosuojak\u00e4yt\u00e4nn\u00f6ss\u00e4 kerrotaan, miten ker\u00e4\u00e4mme, k\u00e4yt\u00e4mme, jaamme ja suojaamme henkil\u00f6tietojasi, kun olet vuorovaikutuksessa verkkosivustomme kanssa.","og_url":"https:\/\/steel.aema.fi\/fi\/aema-oy-tietosuojaseloste\/","og_site_name":"Aema Steel","article_modified_time":"2025-06-20T15:13:26+00:00","og_image":[{"width":2500,"height":715,"url":"https:\/\/steel.aema.fi\/wp-content\/uploads\/2024\/07\/welder.webp","type":"image\/webp"}],"twitter_card":"summary_large_image","twitter_misc":{"Arvioitu lukuaika":"2 minuuttia"},"schema":{"@context":"https:\/\/schema.org","@graph":[{"@type":"WebPage","@id":"https:\/\/steel.aema.fi\/fi\/aema-oy-tietosuojaseloste\/","url":"https:\/\/steel.aema.fi\/fi\/aema-oy-tietosuojaseloste\/","name":"Tietosuojak\u00e4yt\u00e4nt\u00f6","isPartOf":{"@id":"https:\/\/steel.aema.fi\/fi\/#website"},"datePublished":"2024-09-17T14:04:25+00:00","dateModified":"2025-06-20T15:13:26+00:00","description":"Aema OY:n tietosuojak\u00e4yt\u00e4nn\u00f6ss\u00e4 kerrotaan, miten ker\u00e4\u00e4mme, k\u00e4yt\u00e4mme, jaamme ja suojaamme henkil\u00f6tietojasi, kun olet vuorovaikutuksessa verkkosivustomme kanssa.","inLanguage":"fi","potentialAction":[{"@type":"ReadAction","target":["https:\/\/steel.aema.fi\/fi\/aema-oy-tietosuojaseloste\/"]}]},{"@type":"WebSite","@id":"https:\/\/steel.aema.fi\/fi\/#website","url":"https:\/\/steel.aema.fi\/fi\/","name":"Aema Steel","description":"Trusted European Steel Supplier and Professional Importer","publisher":{"@id":"https:\/\/steel.aema.fi\/fi\/#organization"},"potentialAction":[{"@type":"SearchAction","target":{"@type":"EntryPoint","urlTemplate":"https:\/\/steel.aema.fi\/fi\/?s={search_term_string}"},"query-input":{"@type":"PropertyValueSpecification","valueRequired":true,"valueName":"search_term_string"}}],"inLanguage":"fi"},{"@type":"Organization","@id":"https:\/\/steel.aema.fi\/fi\/#organization","name":"Aema Steel","url":"https:\/\/steel.aema.fi\/fi\/","logo":{"@type":"ImageObject","inLanguage":"fi","@id":"https:\/\/steel.aema.fi\/fi\/#\/schema\/logo\/image\/","url":"https:\/\/steel.aema.fi\/wp-content\/uploads\/2024\/10\/aema_logo.jpg","contentUrl":"https:\/\/steel.aema.fi\/wp-content\/uploads\/2024\/10\/aema_logo.jpg","width":1466,"height":349,"caption":"Aema Steel"},"image":{"@id":"https:\/\/steel.aema.fi\/fi\/#\/schema\/logo\/image\/"},"sameAs":["https:\/\/www.linkedin.com\/company\/aema-steel\/"]}]}},"_links":{"self":[{"href":"https:\/\/steel.aema.fi\/fi\/wp-json\/wp\/v2\/pages\/238968","targetHints":{"allow":["GET"]}}],"collection":[{"href":"https:\/\/steel.aema.fi\/fi\/wp-json\/wp\/v2\/pages"}],"about":[{"href":"https:\/\/steel.aema.fi\/fi\/wp-json\/wp\/v2\/types\/page"}],"author":[{"embeddable":true,"href":"https:\/\/steel.aema.fi\/fi\/wp-json\/wp\/v2\/users\/6"}],"replies":[{"embeddable":true,"href":"https:\/\/steel.aema.fi\/fi\/wp-json\/wp\/v2\/comments?post=238968"}],"version-history":[{"count":0,"href":"https:\/\/steel.aema.fi\/fi\/wp-json\/wp\/v2\/pages\/238968\/revisions"}],"wp:attachment":[{"href":"https:\/\/steel.aema.fi\/fi\/wp-json\/wp\/v2\/media?parent=238968"}],"curies":[{"name":"wp","href":"https:\/\/api.w.org\/{rel}","templated":true}]}}