{"id":240250,"date":"2024-09-17T14:04:25","date_gmt":"2024-09-17T14:04:25","guid":{"rendered":"https:\/\/steel.aema.fi\/polityka-prywatnosci-aema-oy\/"},"modified":"2025-06-22T00:52:23","modified_gmt":"2025-06-22T00:52:23","slug":"polityka-prywatnosci-aema-oy","status":"publish","type":"page","link":"https:\/\/steel.aema.fi\/pl\/polityka-prywatnosci-aema-oy\/","title":{"rendered":"Polityka prywatno\u015bci Aema OY"},"content":{"rendered":"<p>[et_pb_section fb_built=&#8221;1&#8243; _builder_version=&#8221;4.27.0&#8243; _module_preset=&#8221;default&#8221; background_color=&#8221;#0060aa&#8221; global_colors_info=&#8221;{}&#8221;][et_pb_row column_structure=&#8221;1_5,3_5,1_5&#8243; _builder_version=&#8221;4.27.0&#8243; _module_preset=&#8221;default&#8221; global_colors_info=&#8221;{}&#8221;][et_pb_column type=&#8221;1_5&#8243; _builder_version=&#8221;4.27.0&#8243; _module_preset=&#8221;default&#8221; global_colors_info=&#8221;{}&#8221;][\/et_pb_column][et_pb_column type=&#8221;3_5&#8243; _builder_version=&#8221;4.27.0&#8243; _module_preset=&#8221;default&#8221; global_colors_info=&#8221;{}&#8221;][et_pb_text _builder_version=&#8221;4.27.4&#8243; _module_preset=&#8221;default&#8221; text_text_color=&#8221;#FFFFFF&#8221; header_text_color=&#8221;#FFFFFF&#8221; header_font_size=&#8221;40px&#8221; global_colors_info=&#8221;{}&#8221;]<\/p>\n<h1>Polityka prywatno\u015bci Aema OY<\/h1>\n<h5><span style=\"color: #ffffff;\">Data wej\u015bcia w \u017cycie: Wrzesie\u0144 2024 r.<\/span><\/h5>\n<p>[\/et_pb_text][\/et_pb_column][et_pb_column type=&#8221;1_5&#8243; _builder_version=&#8221;4.27.0&#8243; _module_preset=&#8221;default&#8221; global_colors_info=&#8221;{}&#8221;][\/et_pb_column][\/et_pb_row][\/et_pb_section][et_pb_section fb_built=&#8221;1&#8243; _builder_version=&#8221;4.27.0&#8243; _module_preset=&#8221;default&#8221; global_colors_info=&#8221;{}&#8221;][et_pb_row column_structure=&#8221;1_5,3_5,1_5&#8243; _builder_version=&#8221;4.27.0&#8243; _module_preset=&#8221;default&#8221; custom_padding=&#8221;0px|||||&#8221; global_colors_info=&#8221;{}&#8221;][et_pb_column type=&#8221;1_5&#8243; _builder_version=&#8221;4.27.0&#8243; _module_preset=&#8221;default&#8221; global_colors_info=&#8221;{}&#8221;][\/et_pb_column][et_pb_column type=&#8221;3_5&#8243; _builder_version=&#8221;4.27.0&#8243; _module_preset=&#8221;default&#8221; global_colors_info=&#8221;{}&#8221;][et_pb_text _builder_version=&#8221;4.27.4&#8243; _module_preset=&#8221;default&#8221; global_colors_info=&#8221;{}&#8221;]<\/p>\n<p>Polityka prywatno\u015bci Aema OY okre\u015bla, w jaki spos\u00f3b gromadzimy, wykorzystujemy, udost\u0119pniamy i chronimy dane osobowe u\u017cytkownik\u00f3w podczas interakcji z nasz\u0105 witryn\u0105 internetow\u0105 lub us\u0142ugami.<\/p>\n<p>W Aema OY dok\u0142adamy wszelkich stara\u0144, aby chroni\u0107 prywatno\u015b\u0107 i dane osobowe naszych klient\u00f3w, partner\u00f3w i os\u00f3b odwiedzaj\u0105cych stron\u0119 internetow\u0105.<\/p>\n<p>&nbsp;<\/p>\n<h2>1. Informacje, kt\u00f3re zbieramy<\/h2>\n<p>Mo\u017cemy gromadzi\u0107 nast\u0119puj\u0105ce rodzaje danych osobowych:<\/p>\n<p>&#8211; Osobiste dane identyfikacyjne: Imi\u0119 i nazwisko, adres e-mail, numer telefonu i informacje biznesowe podczas dobrowolnego przesy\u0142ania formularzy na naszej stronie internetowej lub za po\u015brednictwem korespondencji.<br \/>&#8211; Dane techniczne: Adres IP, typ przegl\u0105darki i pliki cookie w celu poprawy do\u015bwiadczenia u\u017cytkownika i analizy ruchu na naszej stronie.<br \/>&#8211; Informacje transakcyjne: Dane zwi\u0105zane z wszelkimi zakupami, umowami lub kontraktami zawartymi za po\u015brednictwem naszych us\u0142ug.<\/p>\n<h2>2. Jak wykorzystujemy dane u\u017cytkownika<\/h2>\n<p>Aema OY wykorzystuje zebrane dane do nast\u0119puj\u0105cych cel\u00f3w:<\/p>\n<p>&#8211; \u015awiadczenie us\u0142ug: Przetwarzanie zapyta\u0144, realizacja um\u00f3w i dostarczanie u\u017cytkownikowi aktualizacji dotycz\u0105cych naszych produkt\u00f3w i us\u0142ug.<br \/>&#8211; Marketing i komunikacja: Za zgod\u0105 u\u017cytkownika mo\u017cemy wysy\u0142a\u0107 mu materia\u0142y promocyjne i informacje zwi\u0105zane z nasz\u0105 ofert\u0105.<br \/>&#8211; Ulepszanie strony internetowej: Analiza i ulepszanie naszej strony internetowej i us\u0142ug poprzez monitorowanie wzorc\u00f3w u\u017cytkowania przez odwiedzaj\u0105cych.<\/p>\n<h2>3. Udost\u0119pnianie informacji<\/h2>\n<p>Szanujemy prywatno\u015b\u0107 u\u017cytkownika i nie sprzedajemy, nie wymieniamy ani w \u017caden inny spos\u00f3b nie udost\u0119pniamy jego danych osobowych bez jego zgody, z wyj\u0105tkiem nast\u0119puj\u0105cych okoliczno\u015bci:<\/p>\n<p>&#8211; Dostawcy us\u0142ug: Mo\u017cemy udost\u0119pnia\u0107 dane zaufanym stronom trzecim, aby pom\u00f3c nam w prowadzeniu naszej strony internetowej lub \u015bwiadczeniu us\u0142ug (np. przetwarzanie p\u0142atno\u015bci, us\u0142ugi IT).<br \/>&#8211; Wymogi prawne: Je\u015bli jest to wymagane przez prawo lub w celu ochrony praw, bezpiecze\u0144stwa lub w\u0142asno\u015bci Aema OY lub innych os\u00f3b, mo\u017cemy udost\u0119pnia\u0107 dane osobowe.<\/p>\n<h2>4. Bezpiecze\u0144stwo danych<\/h2>\n<p>Aema OY powa\u017cnie traktuje bezpiecze\u0144stwo danych. Stosujemy odpowiednie \u015brodki techniczne i organizacyjne w celu ochrony danych osobowych przed nieuprawnionym dost\u0119pem, ujawnieniem lub zmian\u0105. Nie mo\u017cna jednak zagwarantowa\u0107, \u017ce transmisja online b\u0119dzie ca\u0142kowicie bezpieczna, dlatego nale\u017cy pami\u0119ta\u0107 o wszelkich nieod\u0142\u0105cznych zagro\u017ceniach zwi\u0105zanych z udost\u0119pnianiem danych online.  <\/p>\n<h2>5. Pliki cookie i technologie \u015bledzenia<\/h2>\n<p>Nasza strona internetowa wykorzystuje pliki cookie, aby poprawi\u0107 komfort korzystania z niej i analizowa\u0107 ruch u\u017cytkownik\u00f3w. Kontynuuj\u0105c korzystanie z naszej witryny, u\u017cytkownik wyra\u017ca zgod\u0119 na u\u017cywanie plik\u00f3w cookie. U\u017cytkownik mo\u017ce wy\u0142\u0105czy\u0107 pliki cookie w ustawieniach przegl\u0105darki, ale mo\u017ce to ograniczy\u0107 mo\u017cliwo\u015b\u0107 pe\u0142nej interakcji z nasz\u0105 witryn\u0105.  <\/p>\n<h2>6. Prawa u\u017cytkownika<\/h2>\n<p>U\u017cytkownikowi przys\u0142uguj\u0105 nast\u0119puj\u0105ce prawa dotycz\u0105ce jego danych osobowych:<\/p>\n<p>&#8211; Dost\u0119p i poprawianie: \u017b\u0105danie dost\u0119pu do swoich danych osobowych i poprawienia wszelkich nie\u015bcis\u0142o\u015bci.<br \/>&#8211; Usuni\u0119cie: \u017b\u0105danie usuni\u0119cia danych w okre\u015blonych okoliczno\u015bciach.<br \/>&#8211; Sprzeciw wobec przetwarzania: Sprzeciw wobec przetwarzania przez nas danych u\u017cytkownika w celach marketingowych lub innych.<br \/>&#8211; Przenoszenie danych: \u017b\u0105danie przeniesienia danych osobowych do innego podmiotu.<br \/>Je\u015bli chcesz skorzysta\u0107 z kt\u00f3regokolwiek z tych praw, skontaktuj si\u0119 z nami pod adresem <a href=\"mailto:steel@aema.fi\">steel@aema.fi<\/a>.<\/p>\n<h2>7. Mi\u0119dzynarodowe transfery danych<\/h2>\n<p>Je\u015bli u\u017cytkownik znajduje si\u0119 poza Europejskim Obszarem Gospodarczym (EOG), nale\u017cy pami\u0119ta\u0107, \u017ce jego dane osobowe mog\u0105 by\u0107 przekazywane, przechowywane i przetwarzane w kraju, kt\u00f3ry nie zapewnia takiego samego poziomu ochrony danych jak kraj u\u017cytkownika. Korzystaj\u0105c z naszych us\u0142ug, u\u017cytkownik wyra\u017ca zgod\u0119 na takie przekazywanie danych. <\/p>\n<h2>8. Zmiany w polityce prywatno\u015bci Aema OY<\/h2>\n<p>Od czasu do czasu mo\u017cemy aktualizowa\u0107 niniejsz\u0105 Polityk\u0119 prywatno\u015bci, aby odzwierciedli\u0107 zmiany w naszych praktykach lub zobowi\u0105zaniach prawnych. Najbardziej aktualna wersja b\u0119dzie zawsze dost\u0119pna na naszej stronie internetowej, a o istotnych zmianach b\u0119dziemy informowa\u0107 bezpo\u015brednio. <\/p>\n<h2>9. Kontakt<\/h2>\n<p>W przypadku jakichkolwiek pyta\u0144 lub w\u0105tpliwo\u015bci dotycz\u0105cych Polityki prywatno\u015bci Aema OY prosimy o kontakt pod adresem:<\/p>\n<p>Aema OY<br \/>Email: steel@aema.fi<br \/>Telefon: +358 44 237 6666<br \/>Adres: Aleksanterinkatu 11, 00100 Helsinki, Finlandia<\/p>\n<p>[\/et_pb_text][\/et_pb_column][et_pb_column type=&#8221;1_5&#8243; _builder_version=&#8221;4.27.0&#8243; _module_preset=&#8221;default&#8221; global_colors_info=&#8221;{}&#8221;][\/et_pb_column][\/et_pb_row][\/et_pb_section][et_pb_section fb_built=&#8221;1&#8243; custom_padding_last_edited=&#8221;on|tablet&#8221; _builder_version=&#8221;4.27.3&#8243; _module_preset=&#8221;default&#8221; background_color=&#8221;#000000&#8243; background_enable_image=&#8221;off&#8221; custom_margin=&#8221;0px||||false|false&#8221; custom_margin_tablet=&#8221;0px||||false|false&#8221; custom_margin_phone=&#8221;0px||||false|false&#8221; custom_margin_last_edited=&#8221;on|desktop&#8221; custom_padding=&#8221;70px||70px||false|false&#8221; custom_padding_tablet=&#8221;60px||60px||true|false&#8221; custom_padding_phone=&#8221;60px||60px||false|false&#8221; animation_style=&#8221;slide&#8221; animation_direction=&#8221;left&#8221; animation_duration=&#8221;650ms&#8221; animation_delay=&#8221;500ms&#8221; saved_tabs=&#8221;all&#8221; locked=&#8221;off&#8221; global_colors_info=&#8221;{}&#8221;][et_pb_row _builder_version=&#8221;4.27.0&#8243; _module_preset=&#8221;default&#8221; max_width=&#8221;1400px&#8221; custom_margin=&#8221;0px||0px||false|false&#8221; custom_padding=&#8221;0px||0px||false|false&#8221; collapsed=&#8221;off&#8221; global_colors_info=&#8221;{}&#8221;][et_pb_column type=&#8221;4_4&#8243; _builder_version=&#8221;4.19.4&#8243; _module_preset=&#8221;default&#8221; global_colors_info=&#8221;{}&#8221;][et_pb_text _builder_version=&#8221;4.27.4&#8243; _module_preset=&#8221;default&#8221; header_2_font=&#8221;Arlon semi bold|700||on|||||&#8221; header_2_text_align=&#8221;left&#8221; header_2_text_color=&#8221;#FFFFFF&#8221; header_2_font_size=&#8221;52px&#8221; header_2_letter_spacing=&#8221;1px&#8221; header_3_font=&#8221;Arlon semi bold||||||||&#8221; header_3_text_color=&#8221;#FFFFFF&#8221; header_3_font_size=&#8221;24px&#8221; header_3_line_height=&#8221;1.2em&#8221; max_width=&#8221;1050px&#8221; max_width_tablet=&#8221;100%&#8221; max_width_phone=&#8221;100%&#8221; max_width_last_edited=&#8221;on|tablet&#8221; custom_margin=&#8221;0px|-29px|30px||false|false&#8221; custom_padding=&#8221;0px||0px||false|false&#8221; header_2_font_size_tablet=&#8221;60px&#8221; header_2_font_size_phone=&#8221;30px&#8221; header_2_font_size_last_edited=&#8221;on|phone&#8221; header_3_font_tablet=&#8221;&#8221; header_3_font_phone=&#8221;&#8221; header_3_font_last_edited=&#8221;on|phone&#8221; global_colors_info=&#8221;{}&#8221;]<\/p>\n<h2>Trwa\u0142o\u015b\u0107 i wytrzyma\u0142o\u015b\u0107 dla ka\u017cdego projektu, za ka\u017cdym razem<\/h2>\n<h3>Wysokiej jako\u015bci rozwi\u0105zania ze stali konstrukcyjnej dla ka\u017cdego projektu<\/h3>\n<p>[\/et_pb_text][et_pb_button button_url=&#8221;https:\/\/steel.aema.fi\/contacts\/&#8221; button_text=&#8221;Skontaktuj si\u0119 z nami&#8221; button_alignment=&#8221;left&#8221; disabled_on=&#8221;off|off|off&#8221; _builder_version=&#8221;4.25.1&#8243; _module_preset=&#8221;default&#8221; custom_button=&#8221;on&#8221; button_text_size=&#8221;16px&#8221; button_text_color=&#8221;#FFFFFF&#8221; button_bg_color=&#8221;RGBA(255,255,255,0)&#8221; button_border_width=&#8221;0px&#8221; button_border_radius=&#8221;0px&#8221; button_font=&#8221;Arlon regular|||on|||||&#8221; button_icon=&#8221;&#x45;||divi||400&#8243; button_icon_color=&#8221;#0060aa&#8221; button_on_hover=&#8221;off&#8221; background_layout=&#8221;dark&#8221; custom_margin=&#8221;0px||0px||false|false&#8221; custom_padding=&#8221;0px|0px|0px|0px|false|false&#8221; locked=&#8221;off&#8221; global_colors_info=&#8221;{}&#8221; button_letter_spacing__hover_enabled=&#8221;on|hover&#8221; button_letter_spacing__hover=&#8221;0px&#8221;][\/et_pb_button][\/et_pb_column][\/et_pb_row][\/et_pb_section]<\/p>\n","protected":false},"excerpt":{"rendered":"<p>Polityka prywatno\u015bci Aema OY Data wej\u015bcia w \u017cycie: Wrzesie\u0144 2024 r.Polityka prywatno\u015bci Aema OY okre\u015bla, w jaki spos\u00f3b gromadzimy, wykorzystujemy, udost\u0119pniamy i chronimy dane osobowe u\u017cytkownik\u00f3w podczas interakcji z nasz\u0105 witryn\u0105 internetow\u0105 lub us\u0142ugami. W Aema OY dok\u0142adamy wszelkich stara\u0144, aby chroni\u0107 prywatno\u015b\u0107 i dane osobowe naszych klient\u00f3w, partner\u00f3w i os\u00f3b odwiedzaj\u0105cych stron\u0119 internetow\u0105. &nbsp; [&hellip;]<\/p>\n","protected":false},"author":6,"featured_media":0,"parent":0,"menu_order":0,"comment_status":"closed","ping_status":"closed","template":"","meta":{"_et_pb_use_builder":"on","_et_pb_old_content":"","_et_gb_content_width":"","footnotes":""},"class_list":["post-240250","page","type-page","status-publish","hentry"],"yoast_head":"<!-- This site is optimized with the Yoast SEO plugin v27.5 - https:\/\/yoast.com\/product\/yoast-seo-wordpress\/ -->\n<title>Polityka prywatno\u015bci<\/title>\n<meta name=\"description\" content=\"Polityka prywatno\u015bci Aema OY okre\u015bla, w jaki spos\u00f3b gromadzimy, wykorzystujemy, udost\u0119pniamy i chronimy dane osobowe u\u017cytkownik\u00f3w podczas interakcji z nasz\u0105 witryn\u0105 internetow\u0105\" \/>\n<meta name=\"robots\" content=\"index, follow, max-snippet:-1, max-image-preview:large, max-video-preview:-1\" \/>\n<link rel=\"canonical\" href=\"https:\/\/steel.aema.fi\/pl\/polityka-prywatnosci-aema-oy\/\" \/>\n<meta property=\"og:locale\" content=\"pl_PL\" \/>\n<meta property=\"og:type\" content=\"article\" \/>\n<meta property=\"og:title\" content=\"Polityka prywatno\u015bci\" \/>\n<meta property=\"og:description\" content=\"Polityka prywatno\u015bci Aema OY okre\u015bla, w jaki spos\u00f3b gromadzimy, wykorzystujemy, udost\u0119pniamy i chronimy dane osobowe u\u017cytkownik\u00f3w podczas interakcji z nasz\u0105 witryn\u0105 internetow\u0105\" \/>\n<meta property=\"og:url\" content=\"https:\/\/steel.aema.fi\/pl\/polityka-prywatnosci-aema-oy\/\" \/>\n<meta property=\"og:site_name\" content=\"Aema Steel\" \/>\n<meta property=\"article:modified_time\" content=\"2025-06-22T00:52:23+00:00\" \/>\n<meta property=\"og:image\" content=\"https:\/\/steel.aema.fi\/wp-content\/uploads\/2024\/07\/welder.webp\" \/>\n\t<meta property=\"og:image:width\" content=\"2500\" \/>\n\t<meta property=\"og:image:height\" content=\"715\" \/>\n\t<meta property=\"og:image:type\" content=\"image\/webp\" \/>\n<meta name=\"twitter:card\" content=\"summary_large_image\" \/>\n<meta name=\"twitter:label1\" content=\"Szacowany czas czytania\" \/>\n\t<meta name=\"twitter:data1\" content=\"3 minuty\" \/>\n<script type=\"application\/ld+json\" class=\"yoast-schema-graph\">{\"@context\":\"https:\\\/\\\/schema.org\",\"@graph\":[{\"@type\":\"WebPage\",\"@id\":\"https:\\\/\\\/steel.aema.fi\\\/pl\\\/polityka-prywatnosci-aema-oy\\\/\",\"url\":\"https:\\\/\\\/steel.aema.fi\\\/pl\\\/polityka-prywatnosci-aema-oy\\\/\",\"name\":\"Polityka prywatno\u015bci\",\"isPartOf\":{\"@id\":\"https:\\\/\\\/steel.aema.fi\\\/pl\\\/#website\"},\"datePublished\":\"2024-09-17T14:04:25+00:00\",\"dateModified\":\"2025-06-22T00:52:23+00:00\",\"description\":\"Polityka prywatno\u015bci Aema OY okre\u015bla, w jaki spos\u00f3b gromadzimy, wykorzystujemy, udost\u0119pniamy i chronimy dane osobowe u\u017cytkownik\u00f3w podczas interakcji z nasz\u0105 witryn\u0105 internetow\u0105\",\"inLanguage\":\"pl-PL\",\"potentialAction\":[{\"@type\":\"ReadAction\",\"target\":[\"https:\\\/\\\/steel.aema.fi\\\/pl\\\/polityka-prywatnosci-aema-oy\\\/\"]}]},{\"@type\":\"WebSite\",\"@id\":\"https:\\\/\\\/steel.aema.fi\\\/pl\\\/#website\",\"url\":\"https:\\\/\\\/steel.aema.fi\\\/pl\\\/\",\"name\":\"Aema Steel\",\"description\":\"Trusted European Steel Supplier and Professional Importer\",\"publisher\":{\"@id\":\"https:\\\/\\\/steel.aema.fi\\\/pl\\\/#organization\"},\"potentialAction\":[{\"@type\":\"SearchAction\",\"target\":{\"@type\":\"EntryPoint\",\"urlTemplate\":\"https:\\\/\\\/steel.aema.fi\\\/pl\\\/?s={search_term_string}\"},\"query-input\":{\"@type\":\"PropertyValueSpecification\",\"valueRequired\":true,\"valueName\":\"search_term_string\"}}],\"inLanguage\":\"pl-PL\"},{\"@type\":\"Organization\",\"@id\":\"https:\\\/\\\/steel.aema.fi\\\/pl\\\/#organization\",\"name\":\"Aema Steel\",\"url\":\"https:\\\/\\\/steel.aema.fi\\\/pl\\\/\",\"logo\":{\"@type\":\"ImageObject\",\"inLanguage\":\"pl-PL\",\"@id\":\"https:\\\/\\\/steel.aema.fi\\\/pl\\\/#\\\/schema\\\/logo\\\/image\\\/\",\"url\":\"https:\\\/\\\/steel.aema.fi\\\/wp-content\\\/uploads\\\/2024\\\/10\\\/aema_logo.jpg\",\"contentUrl\":\"https:\\\/\\\/steel.aema.fi\\\/wp-content\\\/uploads\\\/2024\\\/10\\\/aema_logo.jpg\",\"width\":1466,\"height\":349,\"caption\":\"Aema Steel\"},\"image\":{\"@id\":\"https:\\\/\\\/steel.aema.fi\\\/pl\\\/#\\\/schema\\\/logo\\\/image\\\/\"},\"sameAs\":[\"https:\\\/\\\/www.linkedin.com\\\/company\\\/aema-steel\\\/\"]}]}<\/script>\n<!-- \/ Yoast SEO plugin. -->","yoast_head_json":{"title":"Polityka prywatno\u015bci","description":"Polityka prywatno\u015bci Aema OY okre\u015bla, w jaki spos\u00f3b gromadzimy, wykorzystujemy, udost\u0119pniamy i chronimy dane osobowe u\u017cytkownik\u00f3w podczas interakcji z nasz\u0105 witryn\u0105 internetow\u0105","robots":{"index":"index","follow":"follow","max-snippet":"max-snippet:-1","max-image-preview":"max-image-preview:large","max-video-preview":"max-video-preview:-1"},"canonical":"https:\/\/steel.aema.fi\/pl\/polityka-prywatnosci-aema-oy\/","og_locale":"pl_PL","og_type":"article","og_title":"Polityka prywatno\u015bci","og_description":"Polityka prywatno\u015bci Aema OY okre\u015bla, w jaki spos\u00f3b gromadzimy, wykorzystujemy, udost\u0119pniamy i chronimy dane osobowe u\u017cytkownik\u00f3w podczas interakcji z nasz\u0105 witryn\u0105 internetow\u0105","og_url":"https:\/\/steel.aema.fi\/pl\/polityka-prywatnosci-aema-oy\/","og_site_name":"Aema Steel","article_modified_time":"2025-06-22T00:52:23+00:00","og_image":[{"width":2500,"height":715,"url":"https:\/\/steel.aema.fi\/wp-content\/uploads\/2024\/07\/welder.webp","type":"image\/webp"}],"twitter_card":"summary_large_image","twitter_misc":{"Szacowany czas czytania":"3 minuty"},"schema":{"@context":"https:\/\/schema.org","@graph":[{"@type":"WebPage","@id":"https:\/\/steel.aema.fi\/pl\/polityka-prywatnosci-aema-oy\/","url":"https:\/\/steel.aema.fi\/pl\/polityka-prywatnosci-aema-oy\/","name":"Polityka prywatno\u015bci","isPartOf":{"@id":"https:\/\/steel.aema.fi\/pl\/#website"},"datePublished":"2024-09-17T14:04:25+00:00","dateModified":"2025-06-22T00:52:23+00:00","description":"Polityka prywatno\u015bci Aema OY okre\u015bla, w jaki spos\u00f3b gromadzimy, wykorzystujemy, udost\u0119pniamy i chronimy dane osobowe u\u017cytkownik\u00f3w podczas interakcji z nasz\u0105 witryn\u0105 internetow\u0105","inLanguage":"pl-PL","potentialAction":[{"@type":"ReadAction","target":["https:\/\/steel.aema.fi\/pl\/polityka-prywatnosci-aema-oy\/"]}]},{"@type":"WebSite","@id":"https:\/\/steel.aema.fi\/pl\/#website","url":"https:\/\/steel.aema.fi\/pl\/","name":"Aema Steel","description":"Trusted European Steel Supplier and Professional Importer","publisher":{"@id":"https:\/\/steel.aema.fi\/pl\/#organization"},"potentialAction":[{"@type":"SearchAction","target":{"@type":"EntryPoint","urlTemplate":"https:\/\/steel.aema.fi\/pl\/?s={search_term_string}"},"query-input":{"@type":"PropertyValueSpecification","valueRequired":true,"valueName":"search_term_string"}}],"inLanguage":"pl-PL"},{"@type":"Organization","@id":"https:\/\/steel.aema.fi\/pl\/#organization","name":"Aema Steel","url":"https:\/\/steel.aema.fi\/pl\/","logo":{"@type":"ImageObject","inLanguage":"pl-PL","@id":"https:\/\/steel.aema.fi\/pl\/#\/schema\/logo\/image\/","url":"https:\/\/steel.aema.fi\/wp-content\/uploads\/2024\/10\/aema_logo.jpg","contentUrl":"https:\/\/steel.aema.fi\/wp-content\/uploads\/2024\/10\/aema_logo.jpg","width":1466,"height":349,"caption":"Aema Steel"},"image":{"@id":"https:\/\/steel.aema.fi\/pl\/#\/schema\/logo\/image\/"},"sameAs":["https:\/\/www.linkedin.com\/company\/aema-steel\/"]}]}},"_links":{"self":[{"href":"https:\/\/steel.aema.fi\/pl\/wp-json\/wp\/v2\/pages\/240250","targetHints":{"allow":["GET"]}}],"collection":[{"href":"https:\/\/steel.aema.fi\/pl\/wp-json\/wp\/v2\/pages"}],"about":[{"href":"https:\/\/steel.aema.fi\/pl\/wp-json\/wp\/v2\/types\/page"}],"author":[{"embeddable":true,"href":"https:\/\/steel.aema.fi\/pl\/wp-json\/wp\/v2\/users\/6"}],"replies":[{"embeddable":true,"href":"https:\/\/steel.aema.fi\/pl\/wp-json\/wp\/v2\/comments?post=240250"}],"version-history":[{"count":0,"href":"https:\/\/steel.aema.fi\/pl\/wp-json\/wp\/v2\/pages\/240250\/revisions"}],"wp:attachment":[{"href":"https:\/\/steel.aema.fi\/pl\/wp-json\/wp\/v2\/media?parent=240250"}],"curies":[{"name":"wp","href":"https:\/\/api.w.org\/{rel}","templated":true}]}}